{"id":14,"date":"2021-03-19T09:52:15","date_gmt":"2021-03-19T08:52:15","guid":{"rendered":"http:\/\/lescreas-debea.com\/?page_id=14"},"modified":"2021-06-11T09:18:30","modified_gmt":"2021-06-11T07:18:30","slug":"accueil-couture-zero-dechet-fait-main-aix-en-provence","status":"publish","type":"page","link":"https:\/\/lescreas-debea.com\/","title":{"rendered":"Accueil &#8211; Couture z\u00e9ro d\u00e9chet -fait main- Aix-en-Provence"},"content":{"rendered":"\t\t<div data-elementor-type=\"wp-page\" data-elementor-id=\"14\" class=\"elementor elementor-14\" data-elementor-settings=\"[]\">\n\t\t\t\t\t\t\t<div class=\"elementor-section-wrap\">\n\t\t\t\t\t\t\t<section class=\"elementor-section elementor-top-section elementor-element elementor-element-0ad34ee elementor-section-boxed elementor-section-height-default elementor-section-height-default\" data-id=\"0ad34ee\" data-element_type=\"section\">\n\t\t\t\t\t\t<div class=\"elementor-container elementor-column-gap-default\">\n\t\t\t\t\t<div class=\"elementor-column elementor-col-33 elementor-top-column elementor-element elementor-element-5443e9d\" data-id=\"5443e9d\" data-element_type=\"column\">\n\t\t\t<div class=\"elementor-widget-wrap elementor-element-populated\">\n\t\t\t\t\t\t\t\t<div class=\"elementor-element elementor-element-e686ed7 elementor-widget elementor-widget-image\" data-id=\"e686ed7\" data-element_type=\"widget\" data-widget_type=\"image.default\">\n\t\t\t\t<div class=\"elementor-widget-container\">\n\t\t\t\t\t\t\t\t\t\t\t\t\t\t\t<img width=\"830\" height=\"830\" src=\"https:\/\/lescreas-debea.com\/wp-content\/uploads\/2021\/03\/IMG_20210113_185039_245-1024x1024.jpg\" class=\"attachment-large size-large\" alt=\"charlotte couvre plat z\u00e9ro d\u00e9chet en cuisine\" loading=\"lazy\" srcset=\"https:\/\/lescreas-debea.com\/wp-content\/uploads\/2021\/03\/IMG_20210113_185039_245-1024x1024.jpg 1024w, https:\/\/lescreas-debea.com\/wp-content\/uploads\/2021\/03\/IMG_20210113_185039_245-300x300.jpg 300w, https:\/\/lescreas-debea.com\/wp-content\/uploads\/2021\/03\/IMG_20210113_185039_245-100x100.jpg 100w, https:\/\/lescreas-debea.com\/wp-content\/uploads\/2021\/03\/IMG_20210113_185039_245-600x600.jpg 600w, https:\/\/lescreas-debea.com\/wp-content\/uploads\/2021\/03\/IMG_20210113_185039_245-150x150.jpg 150w, https:\/\/lescreas-debea.com\/wp-content\/uploads\/2021\/03\/IMG_20210113_185039_245-768x768.jpg 768w, https:\/\/lescreas-debea.com\/wp-content\/uploads\/2021\/03\/IMG_20210113_185039_245-1536x1536.jpg 1536w, https:\/\/lescreas-debea.com\/wp-content\/uploads\/2021\/03\/IMG_20210113_185039_245-2048x2048.jpg 2048w, https:\/\/lescreas-debea.com\/wp-content\/uploads\/2021\/03\/IMG_20210113_185039_245-860x860.jpg 860w\" sizes=\"(max-width: 830px) 100vw, 830px\" \/>\t\t\t\t\t\t\t\t\t\t\t\t\t\t\t<\/div>\n\t\t\t\t<\/div>\n\t\t\t\t\t<\/div>\n\t\t<\/div>\n\t\t\t\t<div class=\"elementor-column elementor-col-33 elementor-top-column elementor-element elementor-element-b9a489c\" data-id=\"b9a489c\" data-element_type=\"column\">\n\t\t\t<div class=\"elementor-widget-wrap elementor-element-populated\">\n\t\t\t\t\t\t\t\t<div class=\"elementor-element elementor-element-98e2604 elementor-widget elementor-widget-image\" data-id=\"98e2604\" data-element_type=\"widget\" data-widget_type=\"image.default\">\n\t\t\t\t<div class=\"elementor-widget-container\">\n\t\t\t\t\t\t\t\t\t\t\t\t\t\t\t<img width=\"830\" height=\"830\" src=\"https:\/\/lescreas-debea.com\/wp-content\/uploads\/2021\/03\/Chaque-geste-compte-si-nous-sommes-des-millions-a-le-faire.-1024x1024.png\" class=\"attachment-large size-large\" alt=\"Chaque geste compte avec Les Cr\u00e9as de b\u00e9a\" loading=\"lazy\" srcset=\"https:\/\/lescreas-debea.com\/wp-content\/uploads\/2021\/03\/Chaque-geste-compte-si-nous-sommes-des-millions-a-le-faire.-1024x1024.png 1024w, https:\/\/lescreas-debea.com\/wp-content\/uploads\/2021\/03\/Chaque-geste-compte-si-nous-sommes-des-millions-a-le-faire.-300x300.png 300w, https:\/\/lescreas-debea.com\/wp-content\/uploads\/2021\/03\/Chaque-geste-compte-si-nous-sommes-des-millions-a-le-faire.-100x100.png 100w, https:\/\/lescreas-debea.com\/wp-content\/uploads\/2021\/03\/Chaque-geste-compte-si-nous-sommes-des-millions-a-le-faire.-600x600.png 600w, https:\/\/lescreas-debea.com\/wp-content\/uploads\/2021\/03\/Chaque-geste-compte-si-nous-sommes-des-millions-a-le-faire.-150x150.png 150w, https:\/\/lescreas-debea.com\/wp-content\/uploads\/2021\/03\/Chaque-geste-compte-si-nous-sommes-des-millions-a-le-faire.-768x768.png 768w, https:\/\/lescreas-debea.com\/wp-content\/uploads\/2021\/03\/Chaque-geste-compte-si-nous-sommes-des-millions-a-le-faire.-860x860.png 860w, https:\/\/lescreas-debea.com\/wp-content\/uploads\/2021\/03\/Chaque-geste-compte-si-nous-sommes-des-millions-a-le-faire..png 1080w\" sizes=\"(max-width: 830px) 100vw, 830px\" \/>\t\t\t\t\t\t\t\t\t\t\t\t\t\t\t<\/div>\n\t\t\t\t<\/div>\n\t\t\t\t\t<\/div>\n\t\t<\/div>\n\t\t\t\t<div class=\"elementor-column elementor-col-33 elementor-top-column elementor-element elementor-element-e735b01\" data-id=\"e735b01\" data-element_type=\"column\">\n\t\t\t<div class=\"elementor-widget-wrap elementor-element-populated\">\n\t\t\t\t\t\t\t\t<div class=\"elementor-element elementor-element-a1f29c6 elementor-widget elementor-widget-image\" data-id=\"a1f29c6\" data-element_type=\"widget\" data-widget_type=\"image.default\">\n\t\t\t\t<div class=\"elementor-widget-container\">\n\t\t\t\t\t\t\t\t\t\t\t\t\t\t\t<img width=\"830\" height=\"830\" src=\"https:\/\/lescreas-debea.com\/wp-content\/uploads\/2021\/03\/20210217_152147-1024x1024.jpg\" class=\"attachment-large size-large\" alt=\"Trousse de sac Les Cr\u00e9as de B\u00e9a pour organisation\" loading=\"lazy\" srcset=\"https:\/\/lescreas-debea.com\/wp-content\/uploads\/2021\/03\/20210217_152147-1024x1024.jpg 1024w, https:\/\/lescreas-debea.com\/wp-content\/uploads\/2021\/03\/20210217_152147-scaled-300x300.jpg 300w, https:\/\/lescreas-debea.com\/wp-content\/uploads\/2021\/03\/20210217_152147-scaled-100x100.jpg 100w, https:\/\/lescreas-debea.com\/wp-content\/uploads\/2021\/03\/20210217_152147-scaled-600x600.jpg 600w, https:\/\/lescreas-debea.com\/wp-content\/uploads\/2021\/03\/20210217_152147-150x150.jpg 150w, https:\/\/lescreas-debea.com\/wp-content\/uploads\/2021\/03\/20210217_152147-768x768.jpg 768w, https:\/\/lescreas-debea.com\/wp-content\/uploads\/2021\/03\/20210217_152147-1536x1536.jpg 1536w, https:\/\/lescreas-debea.com\/wp-content\/uploads\/2021\/03\/20210217_152147-2048x2048.jpg 2048w, https:\/\/lescreas-debea.com\/wp-content\/uploads\/2021\/03\/20210217_152147-860x860.jpg 860w\" sizes=\"(max-width: 830px) 100vw, 830px\" \/>\t\t\t\t\t\t\t\t\t\t\t\t\t\t\t<\/div>\n\t\t\t\t<\/div>\n\t\t\t\t\t<\/div>\n\t\t<\/div>\n\t\t\t\t\t\t\t<\/div>\n\t\t<\/section>\n\t\t\t\t<section class=\"elementor-section elementor-top-section elementor-element elementor-element-d25e08b elementor-section-content-bottom elementor-section-boxed elementor-section-height-default elementor-section-height-default\" data-id=\"d25e08b\" data-element_type=\"section\">\n\t\t\t\t\t\t<div class=\"elementor-container elementor-column-gap-no\">\n\t\t\t\t\t<div class=\"elementor-column elementor-col-100 elementor-top-column elementor-element elementor-element-a301e02\" data-id=\"a301e02\" data-element_type=\"column\">\n\t\t\t<div class=\"elementor-widget-wrap elementor-element-populated\">\n\t\t\t\t\t\t\t\t<div class=\"elementor-element elementor-element-b62a3fb elementor-widget elementor-widget-heading\" data-id=\"b62a3fb\" data-element_type=\"widget\" data-widget_type=\"heading.default\">\n\t\t\t\t<div class=\"elementor-widget-container\">\n\t\t\t<h2 class=\"elementor-heading-title elementor-size-default\">Bienvenue chez Les Cr\u00e9as de B\u00e9a !<br>Objets de couture pour un quotidien z\u00e9ro d\u00e9chet<\/h2>\t\t<\/div>\n\t\t\t\t<\/div>\n\t\t\t\t\t<\/div>\n\t\t<\/div>\n\t\t\t\t\t\t\t<\/div>\n\t\t<\/section>\n\t\t\t\t<section class=\"elementor-section elementor-top-section elementor-element elementor-element-ec9419b elementor-section-boxed elementor-section-height-default elementor-section-height-default\" data-id=\"ec9419b\" data-element_type=\"section\">\n\t\t\t\t\t\t<div class=\"elementor-container elementor-column-gap-default\">\n\t\t\t\t\t<div class=\"elementor-column elementor-col-100 elementor-top-column elementor-element elementor-element-5823b85\" data-id=\"5823b85\" data-element_type=\"column\">\n\t\t\t<div class=\"elementor-widget-wrap elementor-element-populated\">\n\t\t\t\t\t\t\t\t<div class=\"elementor-element elementor-element-5fd5b3d elementor-widget elementor-widget-image\" data-id=\"5fd5b3d\" data-element_type=\"widget\" data-widget_type=\"image.default\">\n\t\t\t\t<div class=\"elementor-widget-container\">\n\t\t\t\t\t\t\t\t\t\t\t\t\t\t\t<img width=\"300\" height=\"300\" src=\"https:\/\/lescreas-debea.com\/wp-content\/uploads\/2021\/03\/Chaque-geste-compte-si-nous-sommes-des-millions-a-le-faire.-1-300x300.png\" class=\"attachment-medium size-medium\" alt=\"\" loading=\"lazy\" srcset=\"https:\/\/lescreas-debea.com\/wp-content\/uploads\/2021\/03\/Chaque-geste-compte-si-nous-sommes-des-millions-a-le-faire.-1-300x300.png 300w, https:\/\/lescreas-debea.com\/wp-content\/uploads\/2021\/03\/Chaque-geste-compte-si-nous-sommes-des-millions-a-le-faire.-1-100x100.png 100w, https:\/\/lescreas-debea.com\/wp-content\/uploads\/2021\/03\/Chaque-geste-compte-si-nous-sommes-des-millions-a-le-faire.-1-600x600.png 600w, https:\/\/lescreas-debea.com\/wp-content\/uploads\/2021\/03\/Chaque-geste-compte-si-nous-sommes-des-millions-a-le-faire.-1-1024x1024.png 1024w, https:\/\/lescreas-debea.com\/wp-content\/uploads\/2021\/03\/Chaque-geste-compte-si-nous-sommes-des-millions-a-le-faire.-1-150x150.png 150w, https:\/\/lescreas-debea.com\/wp-content\/uploads\/2021\/03\/Chaque-geste-compte-si-nous-sommes-des-millions-a-le-faire.-1-768x768.png 768w, https:\/\/lescreas-debea.com\/wp-content\/uploads\/2021\/03\/Chaque-geste-compte-si-nous-sommes-des-millions-a-le-faire.-1-860x860.png 860w, https:\/\/lescreas-debea.com\/wp-content\/uploads\/2021\/03\/Chaque-geste-compte-si-nous-sommes-des-millions-a-le-faire.-1.png 1080w\" sizes=\"(max-width: 300px) 100vw, 300px\" \/>\t\t\t\t\t\t\t\t\t\t\t\t\t\t\t<\/div>\n\t\t\t\t<\/div>\n\t\t\t\t\t<\/div>\n\t\t<\/div>\n\t\t\t\t\t\t\t<\/div>\n\t\t<\/section>\n\t\t\t\t<section class=\"elementor-section elementor-top-section elementor-element elementor-element-2616148 elementor-section-boxed elementor-section-height-default elementor-section-height-default\" data-id=\"2616148\" data-element_type=\"section\" data-settings=\"{&quot;background_background&quot;:&quot;classic&quot;}\">\n\t\t\t\t\t\t<div class=\"elementor-container elementor-column-gap-default\">\n\t\t\t\t\t<div class=\"elementor-column elementor-col-100 elementor-top-column elementor-element elementor-element-4882ffe\" data-id=\"4882ffe\" data-element_type=\"column\">\n\t\t\t<div class=\"elementor-widget-wrap elementor-element-populated\">\n\t\t\t\t\t\t\t\t<div class=\"elementor-element elementor-element-a295bdd elementor-widget elementor-widget-heading\" data-id=\"a295bdd\" data-element_type=\"widget\" data-widget_type=\"heading.default\">\n\t\t\t\t<div class=\"elementor-widget-container\">\n\t\t\t<h2 class=\"elementor-heading-title elementor-size-default\">Extraits de collection<\/h2>\t\t<\/div>\n\t\t\t\t<\/div>\n\t\t\t\t\t<\/div>\n\t\t<\/div>\n\t\t\t\t\t\t\t<\/div>\n\t\t<\/section>\n\t\t\t\t<section class=\"elementor-section elementor-top-section elementor-element elementor-element-4cec72c elementor-section-full_width elementor-section-height-default elementor-section-height-default\" data-id=\"4cec72c\" data-element_type=\"section\">\n\t\t\t\t\t\t<div class=\"elementor-container elementor-column-gap-default\">\n\t\t\t\t\t<div class=\"elementor-column elementor-col-100 elementor-top-column elementor-element elementor-element-1cf180b\" data-id=\"1cf180b\" data-element_type=\"column\">\n\t\t\t<div class=\"elementor-widget-wrap elementor-element-populated\">\n\t\t\t\t\t\t\t\t<div class=\"elementor-element elementor-element-8180a1a elementor-arrows-position-inside elementor-pagination-position-outside elementor-widget elementor-widget-image-carousel\" data-id=\"8180a1a\" data-element_type=\"widget\" data-settings=\"{&quot;image_spacing_custom&quot;:{&quot;unit&quot;:&quot;px&quot;,&quot;size&quot;:0,&quot;sizes&quot;:[]},&quot;slides_to_show&quot;:&quot;3&quot;,&quot;navigation&quot;:&quot;both&quot;,&quot;autoplay&quot;:&quot;yes&quot;,&quot;pause_on_hover&quot;:&quot;yes&quot;,&quot;pause_on_interaction&quot;:&quot;yes&quot;,&quot;autoplay_speed&quot;:5000,&quot;infinite&quot;:&quot;yes&quot;,&quot;speed&quot;:500}\" data-widget_type=\"image-carousel.default\">\n\t\t\t\t<div class=\"elementor-widget-container\">\n\t\t\t\t\t<div class=\"elementor-image-carousel-wrapper swiper-container\" dir=\"ltr\">\n\t\t\t<div class=\"elementor-image-carousel swiper-wrapper\">\n\t\t\t\t\t\t\t\t<div class=\"swiper-slide\"><a data-elementor-open-lightbox=\"yes\" data-elementor-lightbox-slideshow=\"8180a1a\" data-elementor-lightbox-title=\"20201003_103623\" href=\"https:\/\/lescreas-debea.com\/wp-content\/uploads\/2021\/03\/20201003_103623-scaled.jpg\"><figure class=\"swiper-slide-inner\"><img class=\"swiper-slide-image\" src=\"https:\/\/lescreas-debea.com\/wp-content\/uploads\/2021\/03\/20201003_103623-300x300.jpg\" alt=\"20201003_103623\" \/><\/figure><\/a><\/div><div class=\"swiper-slide\"><a data-elementor-open-lightbox=\"yes\" data-elementor-lightbox-slideshow=\"8180a1a\" data-elementor-lightbox-title=\"IMG_20201024_170045_336\" href=\"https:\/\/lescreas-debea.com\/wp-content\/uploads\/2021\/03\/IMG_20201024_170045_336.jpg\"><figure class=\"swiper-slide-inner\"><img class=\"swiper-slide-image\" src=\"https:\/\/lescreas-debea.com\/wp-content\/uploads\/2021\/03\/IMG_20201024_170045_336-300x300.jpg\" alt=\"IMG_20201024_170045_336\" \/><\/figure><\/a><\/div><div class=\"swiper-slide\"><a data-elementor-open-lightbox=\"yes\" data-elementor-lightbox-slideshow=\"8180a1a\" data-elementor-lightbox-title=\"IMG_20201210_121203_127\" href=\"https:\/\/lescreas-debea.com\/wp-content\/uploads\/2021\/03\/IMG_20201210_121203_127.jpg\"><figure class=\"swiper-slide-inner\"><img class=\"swiper-slide-image\" src=\"https:\/\/lescreas-debea.com\/wp-content\/uploads\/2021\/03\/IMG_20201210_121203_127-300x300.jpg\" alt=\"IMG_20201210_121203_127\" \/><\/figure><\/a><\/div><div class=\"swiper-slide\"><a data-elementor-open-lightbox=\"yes\" data-elementor-lightbox-slideshow=\"8180a1a\" data-elementor-lightbox-title=\"IMG_20201120_082313_060\" href=\"https:\/\/lescreas-debea.com\/wp-content\/uploads\/2021\/03\/IMG_20201120_082313_060.jpg\"><figure class=\"swiper-slide-inner\"><img class=\"swiper-slide-image\" src=\"https:\/\/lescreas-debea.com\/wp-content\/uploads\/2021\/03\/IMG_20201120_082313_060-300x300.jpg\" alt=\"IMG_20201120_082313_060\" \/><\/figure><\/a><\/div><div class=\"swiper-slide\"><a data-elementor-open-lightbox=\"yes\" data-elementor-lightbox-slideshow=\"8180a1a\" data-elementor-lightbox-title=\"salle de bain zero dechet lingettes micropolaire\" data-elementor-lightbox-description=\"lingettes lavables id\u00e9ales pour les yeux. Micropolaire hydrophobe et extra douce.\n\" href=\"https:\/\/lescreas-debea.com\/wp-content\/uploads\/2021\/03\/IMG_20200307_105852_402-scaled.jpg\"><figure class=\"swiper-slide-inner\"><img class=\"swiper-slide-image\" src=\"https:\/\/lescreas-debea.com\/wp-content\/uploads\/2021\/03\/IMG_20200307_105852_402-297x300.jpg\" alt=\"salle de bain zero dechet lingettes lavables\" \/><\/figure><\/a><\/div><div class=\"swiper-slide\"><a data-elementor-open-lightbox=\"yes\" data-elementor-lightbox-slideshow=\"8180a1a\" data-elementor-lightbox-title=\"IMG_20190910_172242_670\" href=\"https:\/\/lescreas-debea.com\/wp-content\/uploads\/2021\/03\/IMG_20190910_172242_670-scaled.jpg\"><figure class=\"swiper-slide-inner\"><img class=\"swiper-slide-image\" src=\"https:\/\/lescreas-debea.com\/wp-content\/uploads\/2021\/03\/IMG_20190910_172242_670-300x300.jpg\" alt=\"IMG_20190910_172242_670\" \/><\/figure><\/a><\/div><div class=\"swiper-slide\"><a data-elementor-open-lightbox=\"yes\" data-elementor-lightbox-slideshow=\"8180a1a\" data-elementor-lightbox-title=\"20210217_152305\" href=\"https:\/\/lescreas-debea.com\/wp-content\/uploads\/2021\/03\/20210217_152305-scaled.jpg\"><figure class=\"swiper-slide-inner\"><img class=\"swiper-slide-image\" src=\"https:\/\/lescreas-debea.com\/wp-content\/uploads\/2021\/03\/20210217_152305-300x300.jpg\" alt=\"20210217_152305\" \/><\/figure><\/a><\/div><div class=\"swiper-slide\"><a data-elementor-open-lightbox=\"yes\" data-elementor-lightbox-slideshow=\"8180a1a\" data-elementor-lightbox-title=\"sac tarte transat bleu terrazzo recto\" href=\"https:\/\/lescreas-debea.com\/wp-content\/uploads\/2021\/05\/sac-tarte-transat-bleu-terrazzo-recto-scaled.jpg\"><figure class=\"swiper-slide-inner\"><img class=\"swiper-slide-image\" src=\"https:\/\/lescreas-debea.com\/wp-content\/uploads\/2021\/05\/sac-tarte-transat-bleu-terrazzo-recto-300x300.jpg\" alt=\"sac tarte transat bleu terrazzo recto\" \/><\/figure><\/a><\/div>\t\t\t<\/div>\n\t\t\t\t\t\t\t\t\t\t\t\t<div class=\"swiper-pagination\"><\/div>\n\t\t\t\t\t\t\t\t\t\t\t\t\t<div class=\"elementor-swiper-button elementor-swiper-button-prev\">\n\t\t\t\t\t\t<i class=\"eicon-chevron-left\" aria-hidden=\"true\"><\/i>\n\t\t\t\t\t\t<span class=\"elementor-screen-only\">Pr\u00e9c\u00e9dent<\/span>\n\t\t\t\t\t<\/div>\n\t\t\t\t\t<div class=\"elementor-swiper-button elementor-swiper-button-next\">\n\t\t\t\t\t\t<i class=\"eicon-chevron-right\" aria-hidden=\"true\"><\/i>\n\t\t\t\t\t\t<span class=\"elementor-screen-only\">Suivant<\/span>\n\t\t\t\t\t<\/div>\n\t\t\t\t\t\t\t\t\t<\/div>\n\t\t\t\t<\/div>\n\t\t\t\t<\/div>\n\t\t\t\t\t<\/div>\n\t\t<\/div>\n\t\t\t\t\t\t\t<\/div>\n\t\t<\/section>\n\t\t\t\t<section class=\"elementor-section elementor-top-section elementor-element elementor-element-e2d8be3 elementor-section-boxed elementor-section-height-default elementor-section-height-default\" data-id=\"e2d8be3\" data-element_type=\"section\">\n\t\t\t\t\t\t<div class=\"elementor-container elementor-column-gap-default\">\n\t\t\t\t\t<div class=\"elementor-column elementor-col-100 elementor-top-column elementor-element elementor-element-d5634d9\" data-id=\"d5634d9\" data-element_type=\"column\">\n\t\t\t<div class=\"elementor-widget-wrap elementor-element-populated\">\n\t\t\t\t\t\t\t\t<div class=\"elementor-element elementor-element-4ad720f elementor-widget elementor-widget-text-editor\" data-id=\"4ad720f\" data-element_type=\"widget\" data-widget_type=\"text-editor.default\">\n\t\t\t\t<div class=\"elementor-widget-container\">\n\t\t\t\t\t\t\t<p>Retrouvez les Cr\u00e9as sur le march\u00e9 d&rsquo;Aix-en-Provence &#8211; rue Thiers.<br \/>Mardi &#8211; Jeudi &#8211; Samedi &#8211; 8h30-13h00<\/p>\t\t\t\t\t\t<\/div>\n\t\t\t\t<\/div>\n\t\t\t\t\t<\/div>\n\t\t<\/div>\n\t\t\t\t\t\t\t<\/div>\n\t\t<\/section>\n\t\t\t\t\t\t<\/div>\n\t\t\t\t\t<\/div>\n\t\t","protected":false},"excerpt":{"rendered":"<p>Bienvenue chez Les Cr\u00e9as de B\u00e9a !Objets de couture pour un quotidien z\u00e9ro d\u00e9chet Extraits de collection Pr\u00e9c\u00e9dent Suivant Retrouvez les Cr\u00e9as sur le march\u00e9 d&rsquo;Aix-en-Provence &#8211; rue Thiers.Mardi &#8211; Jeudi &#8211; Samedi &#8211; 8h30-13h00<\/p>\n","protected":false},"author":1,"featured_media":0,"parent":0,"menu_order":0,"comment_status":"closed","ping_status":"closed","template":"elementor_header_footer","meta":[],"yoast_head":"<!-- This site is optimized with the Yoast SEO plugin v17.4 - https:\/\/yoast.com\/wordpress\/plugins\/seo\/ -->\n<title>Accueil - Couture z\u00e9ro d\u00e9chet -fait main- Aix-en-Provence - Les Cr\u00e9as de B\u00e9a<\/title>\n<meta name=\"robots\" content=\"index, follow, max-snippet:-1, max-image-preview:large, max-video-preview:-1\" \/>\n<link rel=\"canonical\" href=\"https:\/\/lescreas-debea.com\/\" \/>\n<meta property=\"og:locale\" content=\"fr_FR\" \/>\n<meta property=\"og:type\" content=\"article\" \/>\n<meta property=\"og:title\" content=\"Accueil - Couture z\u00e9ro d\u00e9chet -fait main- Aix-en-Provence - Les Cr\u00e9as de B\u00e9a\" \/>\n<meta property=\"og:description\" content=\"Bienvenue chez Les Cr\u00e9as de B\u00e9a !Objets de couture pour un quotidien z\u00e9ro d\u00e9chet Extraits de collection Pr\u00e9c\u00e9dent Suivant Retrouvez les Cr\u00e9as sur le march\u00e9 d&rsquo;Aix-en-Provence &#8211; rue Thiers.Mardi &#8211; Jeudi &#8211; Samedi &#8211; 8h30-13h00\" \/>\n<meta property=\"og:url\" content=\"https:\/\/lescreas-debea.com\/\" \/>\n<meta property=\"og:site_name\" content=\"Les Cr\u00e9as de B\u00e9a\" \/>\n<meta property=\"article:modified_time\" content=\"2021-06-11T07:18:30+00:00\" \/>\n<meta property=\"og:image\" content=\"https:\/\/lescreas-debea.com\/wp-content\/uploads\/2021\/03\/IMG_20210113_185039_245-1024x1024.jpg\" \/>\n<meta name=\"twitter:card\" content=\"summary_large_image\" \/>\n<meta name=\"twitter:label1\" content=\"Dur\u00e9e de lecture est.\" \/>\n\t<meta name=\"twitter:data1\" content=\"4 minutes\" \/>\n<script type=\"application\/ld+json\" class=\"yoast-schema-graph\">{\"@context\":\"https:\/\/schema.org\",\"@graph\":[{\"@type\":\"WebSite\",\"@id\":\"https:\/\/lescreas-debea.com\/#website\",\"url\":\"https:\/\/lescreas-debea.com\/\",\"name\":\"Les Cr\\u00e9as de B\\u00e9a\",\"description\":\"Articles de couture z\\u00e9ro d\\u00e9chet fait main Aix-en-Provence\",\"potentialAction\":[{\"@type\":\"SearchAction\",\"target\":{\"@type\":\"EntryPoint\",\"urlTemplate\":\"https:\/\/lescreas-debea.com\/?s={search_term_string}\"},\"query-input\":\"required name=search_term_string\"}],\"inLanguage\":\"fr-FR\"},{\"@type\":\"ImageObject\",\"@id\":\"https:\/\/lescreas-debea.com\/#primaryimage\",\"inLanguage\":\"fr-FR\",\"url\":\"https:\/\/lescreas-debea.com\/wp-content\/uploads\/2021\/03\/IMG_20210113_185039_245.jpg\",\"contentUrl\":\"https:\/\/lescreas-debea.com\/wp-content\/uploads\/2021\/03\/IMG_20210113_185039_245.jpg\",\"width\":2441,\"height\":2441,\"caption\":\"Fini le film jetable, vive la charlotte couvre plat . Coton Oeko tex et coton enduit pour conserver vos plats cuisin\\u00e9s.\"},{\"@type\":\"WebPage\",\"@id\":\"https:\/\/lescreas-debea.com\/#webpage\",\"url\":\"https:\/\/lescreas-debea.com\/\",\"name\":\"Accueil - Couture z\\u00e9ro d\\u00e9chet -fait main- Aix-en-Provence - Les Cr\\u00e9as de B\\u00e9a\",\"isPartOf\":{\"@id\":\"https:\/\/lescreas-debea.com\/#website\"},\"primaryImageOfPage\":{\"@id\":\"https:\/\/lescreas-debea.com\/#primaryimage\"},\"datePublished\":\"2021-03-19T08:52:15+00:00\",\"dateModified\":\"2021-06-11T07:18:30+00:00\",\"breadcrumb\":{\"@id\":\"https:\/\/lescreas-debea.com\/#breadcrumb\"},\"inLanguage\":\"fr-FR\",\"potentialAction\":[{\"@type\":\"ReadAction\",\"target\":[\"https:\/\/lescreas-debea.com\/\"]}]},{\"@type\":\"BreadcrumbList\",\"@id\":\"https:\/\/lescreas-debea.com\/#breadcrumb\",\"itemListElement\":[{\"@type\":\"ListItem\",\"position\":1,\"name\":\"Accueil\",\"item\":\"https:\/\/lescreas-debea.com\/\"},{\"@type\":\"ListItem\",\"position\":2,\"name\":\"Accueil &#8211; Couture z\\u00e9ro d\\u00e9chet -fait main- Aix-en-Provence\"}]}]}<\/script>\n<!-- \/ Yoast SEO plugin. -->","yoast_head_json":{"title":"Accueil - Couture z\u00e9ro d\u00e9chet -fait main- Aix-en-Provence - Les Cr\u00e9as de B\u00e9a","robots":{"index":"index","follow":"follow","max-snippet":"max-snippet:-1","max-image-preview":"max-image-preview:large","max-video-preview":"max-video-preview:-1"},"canonical":"https:\/\/lescreas-debea.com\/","og_locale":"fr_FR","og_type":"article","og_title":"Accueil - Couture z\u00e9ro d\u00e9chet -fait main- Aix-en-Provence - Les Cr\u00e9as de B\u00e9a","og_description":"Bienvenue chez Les Cr\u00e9as de B\u00e9a !Objets de couture pour un quotidien z\u00e9ro d\u00e9chet Extraits de collection Pr\u00e9c\u00e9dent Suivant Retrouvez les Cr\u00e9as sur le march\u00e9 d&rsquo;Aix-en-Provence &#8211; rue Thiers.Mardi &#8211; Jeudi &#8211; Samedi &#8211; 8h30-13h00","og_url":"https:\/\/lescreas-debea.com\/","og_site_name":"Les Cr\u00e9as de B\u00e9a","article_modified_time":"2021-06-11T07:18:30+00:00","og_image":[{"url":"https:\/\/lescreas-debea.com\/wp-content\/uploads\/2021\/03\/IMG_20210113_185039_245-1024x1024.jpg"}],"twitter_card":"summary_large_image","twitter_misc":{"Dur\u00e9e de lecture est.":"4 minutes"},"schema":{"@context":"https:\/\/schema.org","@graph":[{"@type":"WebSite","@id":"https:\/\/lescreas-debea.com\/#website","url":"https:\/\/lescreas-debea.com\/","name":"Les Cr\u00e9as de B\u00e9a","description":"Articles de couture z\u00e9ro d\u00e9chet fait main Aix-en-Provence","potentialAction":[{"@type":"SearchAction","target":{"@type":"EntryPoint","urlTemplate":"https:\/\/lescreas-debea.com\/?s={search_term_string}"},"query-input":"required name=search_term_string"}],"inLanguage":"fr-FR"},{"@type":"ImageObject","@id":"https:\/\/lescreas-debea.com\/#primaryimage","inLanguage":"fr-FR","url":"https:\/\/lescreas-debea.com\/wp-content\/uploads\/2021\/03\/IMG_20210113_185039_245.jpg","contentUrl":"https:\/\/lescreas-debea.com\/wp-content\/uploads\/2021\/03\/IMG_20210113_185039_245.jpg","width":2441,"height":2441,"caption":"Fini le film jetable, vive la charlotte couvre plat . Coton Oeko tex et coton enduit pour conserver vos plats cuisin\u00e9s."},{"@type":"WebPage","@id":"https:\/\/lescreas-debea.com\/#webpage","url":"https:\/\/lescreas-debea.com\/","name":"Accueil - Couture z\u00e9ro d\u00e9chet -fait main- Aix-en-Provence - Les Cr\u00e9as de B\u00e9a","isPartOf":{"@id":"https:\/\/lescreas-debea.com\/#website"},"primaryImageOfPage":{"@id":"https:\/\/lescreas-debea.com\/#primaryimage"},"datePublished":"2021-03-19T08:52:15+00:00","dateModified":"2021-06-11T07:18:30+00:00","breadcrumb":{"@id":"https:\/\/lescreas-debea.com\/#breadcrumb"},"inLanguage":"fr-FR","potentialAction":[{"@type":"ReadAction","target":["https:\/\/lescreas-debea.com\/"]}]},{"@type":"BreadcrumbList","@id":"https:\/\/lescreas-debea.com\/#breadcrumb","itemListElement":[{"@type":"ListItem","position":1,"name":"Accueil","item":"https:\/\/lescreas-debea.com\/"},{"@type":"ListItem","position":2,"name":"Accueil &#8211; Couture z\u00e9ro d\u00e9chet -fait main- Aix-en-Provence"}]}]}},"_links":{"self":[{"href":"https:\/\/lescreas-debea.com\/index.php\/wp-json\/wp\/v2\/pages\/14"}],"collection":[{"href":"https:\/\/lescreas-debea.com\/index.php\/wp-json\/wp\/v2\/pages"}],"about":[{"href":"https:\/\/lescreas-debea.com\/index.php\/wp-json\/wp\/v2\/types\/page"}],"author":[{"embeddable":true,"href":"https:\/\/lescreas-debea.com\/index.php\/wp-json\/wp\/v2\/users\/1"}],"replies":[{"embeddable":true,"href":"https:\/\/lescreas-debea.com\/index.php\/wp-json\/wp\/v2\/comments?post=14"}],"version-history":[{"count":68,"href":"https:\/\/lescreas-debea.com\/index.php\/wp-json\/wp\/v2\/pages\/14\/revisions"}],"predecessor-version":[{"id":671,"href":"https:\/\/lescreas-debea.com\/index.php\/wp-json\/wp\/v2\/pages\/14\/revisions\/671"}],"wp:attachment":[{"href":"https:\/\/lescreas-debea.com\/index.php\/wp-json\/wp\/v2\/media?parent=14"}],"curies":[{"name":"wp","href":"https:\/\/api.w.org\/{rel}","templated":true}]}}