{"id":150,"date":"2021-03-26T11:38:23","date_gmt":"2021-03-26T10:38:23","guid":{"rendered":"http:\/\/lescreas-debea.com\/?page_id=150"},"modified":"2021-06-11T09:41:34","modified_gmt":"2021-06-11T07:41:34","slug":"nos-engagements","status":"publish","type":"page","link":"https:\/\/lescreas-debea.com\/index.php\/nos-engagements\/","title":{"rendered":"Pourquoi le z\u00e9ro d\u00e9chet ?"},"content":{"rendered":"\t\t<div data-elementor-type=\"wp-page\" data-elementor-id=\"150\" class=\"elementor elementor-150\" data-elementor-settings=\"[]\">\n\t\t\t\t\t\t\t<div class=\"elementor-section-wrap\">\n\t\t\t\t\t\t\t<section class=\"elementor-section elementor-top-section elementor-element elementor-element-bdb949b elementor-section-boxed elementor-section-height-default elementor-section-height-default\" data-id=\"bdb949b\" data-element_type=\"section\">\n\t\t\t\t\t\t<div class=\"elementor-container elementor-column-gap-default\">\n\t\t\t\t\t<div class=\"elementor-column elementor-col-100 elementor-top-column elementor-element elementor-element-2245425\" data-id=\"2245425\" data-element_type=\"column\">\n\t\t\t<div class=\"elementor-widget-wrap elementor-element-populated\">\n\t\t\t\t\t\t\t\t<div class=\"elementor-element elementor-element-03bc713 elementor-widget elementor-widget-heading\" data-id=\"03bc713\" data-element_type=\"widget\" data-widget_type=\"heading.default\">\n\t\t\t\t<div class=\"elementor-widget-container\">\n\t\t\t<h2 class=\"elementor-heading-title elementor-size-default\">Pourquoi le Z\u00e9ro D\u00e9chet ?<\/h2>\t\t<\/div>\n\t\t\t\t<\/div>\n\t\t\t\t\t<\/div>\n\t\t<\/div>\n\t\t\t\t\t\t\t<\/div>\n\t\t<\/section>\n\t\t\t\t<section class=\"elementor-section elementor-top-section elementor-element elementor-element-418d277 elementor-section-boxed elementor-section-height-default elementor-section-height-default\" data-id=\"418d277\" data-element_type=\"section\">\n\t\t\t\t\t\t<div class=\"elementor-container elementor-column-gap-default\">\n\t\t\t\t\t<div class=\"elementor-column elementor-col-33 elementor-top-column elementor-element elementor-element-4a9b38b\" data-id=\"4a9b38b\" data-element_type=\"column\">\n\t\t\t<div class=\"elementor-widget-wrap elementor-element-populated\">\n\t\t\t\t\t\t\t\t<div class=\"elementor-element elementor-element-c0fa179 elementor-widget elementor-widget-image\" data-id=\"c0fa179\" data-element_type=\"widget\" data-widget_type=\"image.default\">\n\t\t\t\t<div class=\"elementor-widget-container\">\n\t\t\t\t\t\t\t\t\t\t\t\t\t\t\t<img width=\"398\" height=\"297\" src=\"https:\/\/lescreas-debea.com\/wp-content\/uploads\/2021\/03\/pexels-cottonbro-3737598-398x297.jpg\" class=\"attachment-blossom-shop-blog-list size-blossom-shop-blog-list\" alt=\"Adopter un geste \u00e9cologique\" loading=\"lazy\" \/>\t\t\t\t\t\t\t\t\t\t\t\t\t\t\t<\/div>\n\t\t\t\t<\/div>\n\t\t\t\t<div class=\"elementor-element elementor-element-f5f11cf elementor-widget elementor-widget-heading\" data-id=\"f5f11cf\" data-element_type=\"widget\" data-widget_type=\"heading.default\">\n\t\t\t\t<div class=\"elementor-widget-container\">\n\t\t\t<h2 class=\"elementor-heading-title elementor-size-default\">Adopter un geste \u00e9cologique<\/h2>\t\t<\/div>\n\t\t\t\t<\/div>\n\t\t\t\t\t<\/div>\n\t\t<\/div>\n\t\t\t\t<div class=\"elementor-column elementor-col-33 elementor-top-column elementor-element elementor-element-55acfed\" data-id=\"55acfed\" data-element_type=\"column\">\n\t\t\t<div class=\"elementor-widget-wrap elementor-element-populated\">\n\t\t\t\t\t\t\t\t<div class=\"elementor-element elementor-element-0b2ffcd elementor-widget elementor-widget-image\" data-id=\"0b2ffcd\" data-element_type=\"widget\" data-widget_type=\"image.default\">\n\t\t\t\t<div class=\"elementor-widget-container\">\n\t\t\t\t\t\t\t\t\t\t\t\t\t\t\t<img width=\"398\" height=\"297\" src=\"https:\/\/lescreas-debea.com\/wp-content\/uploads\/2021\/03\/pexels-brett-sayles-3729179-398x297.jpg\" class=\"attachment-blossom-shop-blog-list size-blossom-shop-blog-list\" alt=\"\" loading=\"lazy\" \/>\t\t\t\t\t\t\t\t\t\t\t\t\t\t\t<\/div>\n\t\t\t\t<\/div>\n\t\t\t\t<div class=\"elementor-element elementor-element-0dc95ca elementor-widget elementor-widget-heading\" data-id=\"0dc95ca\" data-element_type=\"widget\" data-widget_type=\"heading.default\">\n\t\t\t\t<div class=\"elementor-widget-container\">\n\t\t\t<h2 class=\"elementor-heading-title elementor-size-default\">Du jetable au durable<\/h2>\t\t<\/div>\n\t\t\t\t<\/div>\n\t\t\t\t\t<\/div>\n\t\t<\/div>\n\t\t\t\t<div class=\"elementor-column elementor-col-33 elementor-top-column elementor-element elementor-element-d95e069\" data-id=\"d95e069\" data-element_type=\"column\">\n\t\t\t<div class=\"elementor-widget-wrap elementor-element-populated\">\n\t\t\t\t\t\t\t\t<div class=\"elementor-element elementor-element-da13973 elementor-widget elementor-widget-image\" data-id=\"da13973\" data-element_type=\"widget\" data-widget_type=\"image.default\">\n\t\t\t\t<div class=\"elementor-widget-container\">\n\t\t\t\t\t\t\t\t\t\t\t\t\t\t\t<img width=\"398\" height=\"297\" src=\"https:\/\/lescreas-debea.com\/wp-content\/uploads\/2021\/03\/pexels-cottonbro-4622216-398x297.jpg\" class=\"attachment-blossom-shop-blog-list size-blossom-shop-blog-list\" alt=\"\" loading=\"lazy\" \/>\t\t\t\t\t\t\t\t\t\t\t\t\t\t\t<\/div>\n\t\t\t\t<\/div>\n\t\t\t\t<div class=\"elementor-element elementor-element-71fd8ce elementor-widget elementor-widget-heading\" data-id=\"71fd8ce\" data-element_type=\"widget\" data-widget_type=\"heading.default\">\n\t\t\t\t<div class=\"elementor-widget-container\">\n\t\t\t<h2 class=\"elementor-heading-title elementor-size-default\">Des tissus Oeko Tex ou Bio<\/h2>\t\t<\/div>\n\t\t\t\t<\/div>\n\t\t\t\t\t<\/div>\n\t\t<\/div>\n\t\t\t\t\t\t\t<\/div>\n\t\t<\/section>\n\t\t\t\t<section class=\"elementor-section elementor-top-section elementor-element elementor-element-055f4f5 elementor-section-boxed elementor-section-height-default elementor-section-height-default\" data-id=\"055f4f5\" data-element_type=\"section\" data-settings=\"{&quot;background_background&quot;:&quot;classic&quot;}\">\n\t\t\t\t\t\t<div class=\"elementor-container elementor-column-gap-default\">\n\t\t\t\t\t<div class=\"elementor-column elementor-col-100 elementor-top-column elementor-element elementor-element-ab1df7b\" data-id=\"ab1df7b\" data-element_type=\"column\">\n\t\t\t<div class=\"elementor-widget-wrap elementor-element-populated\">\n\t\t\t\t\t\t\t\t<div class=\"elementor-element elementor-element-8948e44 elementor-widget elementor-widget-text-editor\" data-id=\"8948e44\" data-element_type=\"widget\" data-widget_type=\"text-editor.default\">\n\t\t\t\t<div class=\"elementor-widget-container\">\n\t\t\t\t\t\t\t<p>\u00ab\u00a072% des fran\u00e7ais se disent int\u00e9ress\u00e9s par les enjeux \u00e9cologiques.\u00a0\u00bb Sondage Harris Interactive 2019.<br \/>Le \u00ab\u00a0monde de demain\u00a0\u00bb ne se fera pas sans nous, ne nous d\u00e9courageons pas et agissons !<br \/>Chacun de nous peut \u00eatre l&rsquo;artisan d&rsquo;une transition du tout jetable au durable en adoptant de nouvelles habitudes au quotidien.<\/p><p>\u00a0\u00bb Sois le changement que tu veux voir dans le monde.\u00a0\u00bb Gandhi<br \/>Les mati\u00e8res utilis\u00e9es pour la r\u00e9alisation des articles sont choisies avec soin.<br \/>Cotons et \u00e9ponges de bambou sont aux normes Oeko Tex ou Bio afin de pr\u00e9server la plan\u00e8te et votre peau.<br \/>Les emballages sont r\u00e9duits et les enveloppes et cartons d&rsquo;envoi sont, si possible, recycl\u00e9s.<br \/>Merci de vous joindre \u00e0 moi\u00a0 dans cette aventure !<\/p>\t\t\t\t\t\t<\/div>\n\t\t\t\t<\/div>\n\t\t\t\t\t<\/div>\n\t\t<\/div>\n\t\t\t\t\t\t\t<\/div>\n\t\t<\/section>\n\t\t\t\t\t\t<\/div>\n\t\t\t\t\t<\/div>\n\t\t","protected":false},"excerpt":{"rendered":"<p>Pourquoi le Z\u00e9ro D\u00e9chet ? Adopter un geste \u00e9cologique Du jetable au durable Des tissus Oeko Tex ou Bio \u00ab\u00a072% des fran\u00e7ais se disent int\u00e9ress\u00e9s par les enjeux \u00e9cologiques.\u00a0\u00bb Sondage Harris Interactive 2019.Le \u00ab\u00a0monde de demain\u00a0\u00bb ne se fera pas sans nous, ne nous d\u00e9courageons pas et agissons !Chacun de nous peut \u00eatre l&rsquo;artisan d&rsquo;une &hellip; <\/p>\n","protected":false},"author":1,"featured_media":0,"parent":0,"menu_order":0,"comment_status":"closed","ping_status":"closed","template":"elementor_header_footer","meta":[],"yoast_head":"<!-- This site is optimized with the Yoast SEO plugin v17.4 - https:\/\/yoast.com\/wordpress\/plugins\/seo\/ -->\n<title>Pourquoi le z\u00e9ro d\u00e9chet ? - Les Cr\u00e9as de B\u00e9a<\/title>\n<meta name=\"description\" content=\"Le &quot;monde de demain&quot; ne se fera pas sans nous, ne nous d\u00e9courageons pas et agissons !Chacun de nous peut \u00eatre l&#039;artisan d&#039;une transition du tout jetable au durable en adoptant de nouvelles habitudes au quotidien.&quot;\" \/>\n<meta name=\"robots\" content=\"index, follow, max-snippet:-1, max-image-preview:large, max-video-preview:-1\" \/>\n<link rel=\"canonical\" href=\"https:\/\/lescreas-debea.com\/index.php\/nos-engagements\/\" \/>\n<meta property=\"og:locale\" content=\"fr_FR\" \/>\n<meta property=\"og:type\" content=\"article\" \/>\n<meta property=\"og:title\" content=\"Pourquoi le z\u00e9ro d\u00e9chet ? - Les Cr\u00e9as de B\u00e9a\" \/>\n<meta property=\"og:description\" content=\"Le &quot;monde de demain&quot; ne se fera pas sans nous, ne nous d\u00e9courageons pas et agissons !Chacun de nous peut \u00eatre l&#039;artisan d&#039;une transition du tout jetable au durable en adoptant de nouvelles habitudes au quotidien.&quot;\" \/>\n<meta property=\"og:url\" content=\"https:\/\/lescreas-debea.com\/index.php\/nos-engagements\/\" \/>\n<meta property=\"og:site_name\" content=\"Les Cr\u00e9as de B\u00e9a\" \/>\n<meta property=\"article:modified_time\" content=\"2021-06-11T07:41:34+00:00\" \/>\n<meta property=\"og:image\" content=\"https:\/\/lescreas-debea.com\/wp-content\/uploads\/2021\/03\/pexels-cottonbro-3737598-398x297.jpg\" \/>\n<meta name=\"twitter:card\" content=\"summary_large_image\" \/>\n<meta name=\"twitter:label1\" content=\"Dur\u00e9e de lecture est.\" \/>\n\t<meta name=\"twitter:data1\" content=\"2 minutes\" \/>\n<script type=\"application\/ld+json\" class=\"yoast-schema-graph\">{\"@context\":\"https:\/\/schema.org\",\"@graph\":[{\"@type\":\"WebSite\",\"@id\":\"https:\/\/lescreas-debea.com\/#website\",\"url\":\"https:\/\/lescreas-debea.com\/\",\"name\":\"Les Cr\\u00e9as de B\\u00e9a\",\"description\":\"Articles de couture z\\u00e9ro d\\u00e9chet fait main Aix-en-Provence\",\"potentialAction\":[{\"@type\":\"SearchAction\",\"target\":{\"@type\":\"EntryPoint\",\"urlTemplate\":\"https:\/\/lescreas-debea.com\/?s={search_term_string}\"},\"query-input\":\"required name=search_term_string\"}],\"inLanguage\":\"fr-FR\"},{\"@type\":\"ImageObject\",\"@id\":\"https:\/\/lescreas-debea.com\/index.php\/nos-engagements\/#primaryimage\",\"inLanguage\":\"fr-FR\",\"url\":\"https:\/\/lescreas-debea.com\/wp-content\/uploads\/2021\/03\/pexels-cottonbro-3737598-398x297.jpg\",\"contentUrl\":\"https:\/\/lescreas-debea.com\/wp-content\/uploads\/2021\/03\/pexels-cottonbro-3737598-398x297.jpg\"},{\"@type\":\"WebPage\",\"@id\":\"https:\/\/lescreas-debea.com\/index.php\/nos-engagements\/#webpage\",\"url\":\"https:\/\/lescreas-debea.com\/index.php\/nos-engagements\/\",\"name\":\"Pourquoi le z\\u00e9ro d\\u00e9chet ? - Les Cr\\u00e9as de B\\u00e9a\",\"isPartOf\":{\"@id\":\"https:\/\/lescreas-debea.com\/#website\"},\"primaryImageOfPage\":{\"@id\":\"https:\/\/lescreas-debea.com\/index.php\/nos-engagements\/#primaryimage\"},\"datePublished\":\"2021-03-26T10:38:23+00:00\",\"dateModified\":\"2021-06-11T07:41:34+00:00\",\"description\":\"Le \\\"monde de demain\\\" ne se fera pas sans nous, ne nous d\\u00e9courageons pas et agissons !Chacun de nous peut \\u00eatre l'artisan d'une transition du tout jetable au durable en adoptant de nouvelles habitudes au quotidien.\\\"\",\"breadcrumb\":{\"@id\":\"https:\/\/lescreas-debea.com\/index.php\/nos-engagements\/#breadcrumb\"},\"inLanguage\":\"fr-FR\",\"potentialAction\":[{\"@type\":\"ReadAction\",\"target\":[\"https:\/\/lescreas-debea.com\/index.php\/nos-engagements\/\"]}]},{\"@type\":\"BreadcrumbList\",\"@id\":\"https:\/\/lescreas-debea.com\/index.php\/nos-engagements\/#breadcrumb\",\"itemListElement\":[{\"@type\":\"ListItem\",\"position\":1,\"name\":\"Accueil\",\"item\":\"https:\/\/lescreas-debea.com\/\"},{\"@type\":\"ListItem\",\"position\":2,\"name\":\"Pourquoi le z\\u00e9ro d\\u00e9chet ?\"}]}]}<\/script>\n<!-- \/ Yoast SEO plugin. -->","yoast_head_json":{"title":"Pourquoi le z\u00e9ro d\u00e9chet ? - Les Cr\u00e9as de B\u00e9a","description":"Le \"monde de demain\" ne se fera pas sans nous, ne nous d\u00e9courageons pas et agissons !Chacun de nous peut \u00eatre l'artisan d'une transition du tout jetable au durable en adoptant de nouvelles habitudes au quotidien.\"","robots":{"index":"index","follow":"follow","max-snippet":"max-snippet:-1","max-image-preview":"max-image-preview:large","max-video-preview":"max-video-preview:-1"},"canonical":"https:\/\/lescreas-debea.com\/index.php\/nos-engagements\/","og_locale":"fr_FR","og_type":"article","og_title":"Pourquoi le z\u00e9ro d\u00e9chet ? - Les Cr\u00e9as de B\u00e9a","og_description":"Le \"monde de demain\" ne se fera pas sans nous, ne nous d\u00e9courageons pas et agissons !Chacun de nous peut \u00eatre l'artisan d'une transition du tout jetable au durable en adoptant de nouvelles habitudes au quotidien.\"","og_url":"https:\/\/lescreas-debea.com\/index.php\/nos-engagements\/","og_site_name":"Les Cr\u00e9as de B\u00e9a","article_modified_time":"2021-06-11T07:41:34+00:00","og_image":[{"url":"https:\/\/lescreas-debea.com\/wp-content\/uploads\/2021\/03\/pexels-cottonbro-3737598-398x297.jpg"}],"twitter_card":"summary_large_image","twitter_misc":{"Dur\u00e9e de lecture est.":"2 minutes"},"schema":{"@context":"https:\/\/schema.org","@graph":[{"@type":"WebSite","@id":"https:\/\/lescreas-debea.com\/#website","url":"https:\/\/lescreas-debea.com\/","name":"Les Cr\u00e9as de B\u00e9a","description":"Articles de couture z\u00e9ro d\u00e9chet fait main Aix-en-Provence","potentialAction":[{"@type":"SearchAction","target":{"@type":"EntryPoint","urlTemplate":"https:\/\/lescreas-debea.com\/?s={search_term_string}"},"query-input":"required name=search_term_string"}],"inLanguage":"fr-FR"},{"@type":"ImageObject","@id":"https:\/\/lescreas-debea.com\/index.php\/nos-engagements\/#primaryimage","inLanguage":"fr-FR","url":"https:\/\/lescreas-debea.com\/wp-content\/uploads\/2021\/03\/pexels-cottonbro-3737598-398x297.jpg","contentUrl":"https:\/\/lescreas-debea.com\/wp-content\/uploads\/2021\/03\/pexels-cottonbro-3737598-398x297.jpg"},{"@type":"WebPage","@id":"https:\/\/lescreas-debea.com\/index.php\/nos-engagements\/#webpage","url":"https:\/\/lescreas-debea.com\/index.php\/nos-engagements\/","name":"Pourquoi le z\u00e9ro d\u00e9chet ? - Les Cr\u00e9as de B\u00e9a","isPartOf":{"@id":"https:\/\/lescreas-debea.com\/#website"},"primaryImageOfPage":{"@id":"https:\/\/lescreas-debea.com\/index.php\/nos-engagements\/#primaryimage"},"datePublished":"2021-03-26T10:38:23+00:00","dateModified":"2021-06-11T07:41:34+00:00","description":"Le \"monde de demain\" ne se fera pas sans nous, ne nous d\u00e9courageons pas et agissons !Chacun de nous peut \u00eatre l'artisan d'une transition du tout jetable au durable en adoptant de nouvelles habitudes au quotidien.\"","breadcrumb":{"@id":"https:\/\/lescreas-debea.com\/index.php\/nos-engagements\/#breadcrumb"},"inLanguage":"fr-FR","potentialAction":[{"@type":"ReadAction","target":["https:\/\/lescreas-debea.com\/index.php\/nos-engagements\/"]}]},{"@type":"BreadcrumbList","@id":"https:\/\/lescreas-debea.com\/index.php\/nos-engagements\/#breadcrumb","itemListElement":[{"@type":"ListItem","position":1,"name":"Accueil","item":"https:\/\/lescreas-debea.com\/"},{"@type":"ListItem","position":2,"name":"Pourquoi le z\u00e9ro d\u00e9chet ?"}]}]}},"_links":{"self":[{"href":"https:\/\/lescreas-debea.com\/index.php\/wp-json\/wp\/v2\/pages\/150"}],"collection":[{"href":"https:\/\/lescreas-debea.com\/index.php\/wp-json\/wp\/v2\/pages"}],"about":[{"href":"https:\/\/lescreas-debea.com\/index.php\/wp-json\/wp\/v2\/types\/page"}],"author":[{"embeddable":true,"href":"https:\/\/lescreas-debea.com\/index.php\/wp-json\/wp\/v2\/users\/1"}],"replies":[{"embeddable":true,"href":"https:\/\/lescreas-debea.com\/index.php\/wp-json\/wp\/v2\/comments?post=150"}],"version-history":[{"count":64,"href":"https:\/\/lescreas-debea.com\/index.php\/wp-json\/wp\/v2\/pages\/150\/revisions"}],"predecessor-version":[{"id":685,"href":"https:\/\/lescreas-debea.com\/index.php\/wp-json\/wp\/v2\/pages\/150\/revisions\/685"}],"wp:attachment":[{"href":"https:\/\/lescreas-debea.com\/index.php\/wp-json\/wp\/v2\/media?parent=150"}],"curies":[{"name":"wp","href":"https:\/\/api.w.org\/{rel}","templated":true}]}}