{"id":272,"date":"2021-04-02T14:01:35","date_gmt":"2021-04-02T12:01:35","guid":{"rendered":"https:\/\/lescreas-debea.com\/?page_id=272"},"modified":"2021-04-02T14:33:28","modified_gmt":"2021-04-02T12:33:28","slug":"mentions-legales","status":"publish","type":"page","link":"https:\/\/lescreas-debea.com\/index.php\/mentions-legales\/","title":{"rendered":"Mentions l\u00e9gales"},"content":{"rendered":"\t\t<div data-elementor-type=\"wp-page\" data-elementor-id=\"272\" class=\"elementor elementor-272\" data-elementor-settings=\"[]\">\n\t\t\t\t\t\t\t<div class=\"elementor-section-wrap\">\n\t\t\t\t\t\t\t<section class=\"elementor-section elementor-top-section elementor-element elementor-element-dff2fb9 elementor-section-boxed elementor-section-height-default elementor-section-height-default\" data-id=\"dff2fb9\" data-element_type=\"section\">\n\t\t\t\t\t\t<div class=\"elementor-container elementor-column-gap-default\">\n\t\t\t\t\t<div class=\"elementor-column elementor-col-100 elementor-top-column elementor-element elementor-element-7daddcc\" data-id=\"7daddcc\" data-element_type=\"column\">\n\t\t\t<div class=\"elementor-widget-wrap elementor-element-populated\">\n\t\t\t\t\t\t\t\t<div class=\"elementor-element elementor-element-54624de elementor-widget elementor-widget-text-editor\" data-id=\"54624de\" data-element_type=\"widget\" data-widget_type=\"text-editor.default\">\n\t\t\t\t<div class=\"elementor-widget-container\">\n\t\t\t\t\t\t\t<p>Identification:<br \/>B\u00e9atrice Scuitto<br \/>33 rue Avenue Henri Poncet<br \/>La Tonkinoise<br \/>13090 Aix-en-Provence<br \/>Tel : 0663349858<br \/>Email lescreasdebea@gmail.com<br \/>H\u00e9bergeur : OVH\u00a0<br \/>2 rue Kellermann\u00a0<br \/>59100 Roubaix<br \/>SIRET 39815341100028<\/p><p><br \/>Activit\u00e9:<br \/>Num\u00e9ro d&rsquo;inscription au r\u00e9pertoire des m\u00e9tiers (cf carte professionnelle)<br \/><br \/><\/p><p>Mentions relatives \u00e0 l&rsquo;utilisation des cookies:<br \/>ce site utilise des cookies afin de fournir les services propos\u00e9s sur ce dernier et afin d&rsquo;am\u00e9liorer l&rsquo;exp\u00e9riences de nos utilisateurs.<br \/>Les cookies sont des donn\u00e9es qui sont t\u00e9l\u00e9charg\u00e9es sur un ordinateur ou tout autre syst\u00e8me.<br \/>En cliquant sur \u00ab\u00a0j&rsquo;accepte\u00a0\u00bb vous acceptez l&rsquo;utilisation des cookies. En poursuivant votre navigation vous acceptez le d\u00e9p\u00f4t de cookies tiers destin\u00e9s \u00e0 faire fonctionner le site internet.<br \/>La dur\u00e9e de validit\u00e9 de votre consentement est de 13 mois.<\/p><p>Mentions relatives \u00e0 l&rsquo;utilisation de donn\u00e9es personnelles (RGPD \u00e0 ajouter plus tard)<\/p><p>\u00a0<\/p>\t\t\t\t\t\t<\/div>\n\t\t\t\t<\/div>\n\t\t\t\t\t<\/div>\n\t\t<\/div>\n\t\t\t\t\t\t\t<\/div>\n\t\t<\/section>\n\t\t\t\t\t\t<\/div>\n\t\t\t\t\t<\/div>\n\t\t","protected":false},"excerpt":{"rendered":"<p>Identification:B\u00e9atrice Scuitto33 rue Avenue Henri PoncetLa Tonkinoise13090 Aix-en-ProvenceTel : 0663349858Email lescreasdebea@gmail.comH\u00e9bergeur : OVH\u00a02 rue Kellermann\u00a059100 RoubaixSIRET 39815341100028 Activit\u00e9:Num\u00e9ro d&rsquo;inscription au r\u00e9pertoire des m\u00e9tiers (cf carte professionnelle) Mentions relatives \u00e0 l&rsquo;utilisation des cookies:ce site utilise des cookies afin de fournir les services propos\u00e9s sur ce dernier et afin d&rsquo;am\u00e9liorer l&rsquo;exp\u00e9riences de nos utilisateurs.Les cookies sont des &hellip; <\/p>\n","protected":false},"author":1,"featured_media":0,"parent":0,"menu_order":0,"comment_status":"closed","ping_status":"closed","template":"elementor_header_footer","meta":[],"yoast_head":"<!-- This site is optimized with the Yoast SEO plugin v17.4 - https:\/\/yoast.com\/wordpress\/plugins\/seo\/ -->\n<title>Mentions l\u00e9gales - Les Cr\u00e9as de B\u00e9a<\/title>\n<meta name=\"robots\" content=\"index, follow, max-snippet:-1, max-image-preview:large, max-video-preview:-1\" \/>\n<link rel=\"canonical\" href=\"https:\/\/lescreas-debea.com\/index.php\/mentions-legales\/\" \/>\n<meta property=\"og:locale\" content=\"fr_FR\" \/>\n<meta property=\"og:type\" content=\"article\" \/>\n<meta property=\"og:title\" content=\"Mentions l\u00e9gales - Les Cr\u00e9as de B\u00e9a\" \/>\n<meta property=\"og:description\" content=\"Identification:B\u00e9atrice Scuitto33 rue Avenue Henri PoncetLa Tonkinoise13090 Aix-en-ProvenceTel : 0663349858Email lescreasdebea@gmail.comH\u00e9bergeur : OVH\u00a02 rue Kellermann\u00a059100 RoubaixSIRET 39815341100028 Activit\u00e9:Num\u00e9ro d&rsquo;inscription au r\u00e9pertoire des m\u00e9tiers (cf carte professionnelle) Mentions relatives \u00e0 l&rsquo;utilisation des cookies:ce site utilise des cookies afin de fournir les services propos\u00e9s sur ce dernier et afin d&rsquo;am\u00e9liorer l&rsquo;exp\u00e9riences de nos utilisateurs.Les cookies sont des &hellip;\" \/>\n<meta property=\"og:url\" content=\"https:\/\/lescreas-debea.com\/index.php\/mentions-legales\/\" \/>\n<meta property=\"og:site_name\" content=\"Les Cr\u00e9as de B\u00e9a\" \/>\n<meta property=\"article:modified_time\" content=\"2021-04-02T12:33:28+00:00\" \/>\n<meta name=\"twitter:card\" content=\"summary_large_image\" \/>\n<meta name=\"twitter:label1\" content=\"Dur\u00e9e de lecture est.\" \/>\n\t<meta name=\"twitter:data1\" content=\"1 minute\" \/>\n<script type=\"application\/ld+json\" class=\"yoast-schema-graph\">{\"@context\":\"https:\/\/schema.org\",\"@graph\":[{\"@type\":\"WebSite\",\"@id\":\"https:\/\/lescreas-debea.com\/#website\",\"url\":\"https:\/\/lescreas-debea.com\/\",\"name\":\"Les Cr\\u00e9as de B\\u00e9a\",\"description\":\"Articles de couture z\\u00e9ro d\\u00e9chet fait main Aix-en-Provence\",\"potentialAction\":[{\"@type\":\"SearchAction\",\"target\":{\"@type\":\"EntryPoint\",\"urlTemplate\":\"https:\/\/lescreas-debea.com\/?s={search_term_string}\"},\"query-input\":\"required name=search_term_string\"}],\"inLanguage\":\"fr-FR\"},{\"@type\":\"WebPage\",\"@id\":\"https:\/\/lescreas-debea.com\/index.php\/mentions-legales\/#webpage\",\"url\":\"https:\/\/lescreas-debea.com\/index.php\/mentions-legales\/\",\"name\":\"Mentions l\\u00e9gales - Les Cr\\u00e9as de B\\u00e9a\",\"isPartOf\":{\"@id\":\"https:\/\/lescreas-debea.com\/#website\"},\"datePublished\":\"2021-04-02T12:01:35+00:00\",\"dateModified\":\"2021-04-02T12:33:28+00:00\",\"breadcrumb\":{\"@id\":\"https:\/\/lescreas-debea.com\/index.php\/mentions-legales\/#breadcrumb\"},\"inLanguage\":\"fr-FR\",\"potentialAction\":[{\"@type\":\"ReadAction\",\"target\":[\"https:\/\/lescreas-debea.com\/index.php\/mentions-legales\/\"]}]},{\"@type\":\"BreadcrumbList\",\"@id\":\"https:\/\/lescreas-debea.com\/index.php\/mentions-legales\/#breadcrumb\",\"itemListElement\":[{\"@type\":\"ListItem\",\"position\":1,\"name\":\"Accueil\",\"item\":\"https:\/\/lescreas-debea.com\/\"},{\"@type\":\"ListItem\",\"position\":2,\"name\":\"Mentions l\\u00e9gales\"}]}]}<\/script>\n<!-- \/ Yoast SEO plugin. -->","yoast_head_json":{"title":"Mentions l\u00e9gales - Les Cr\u00e9as de B\u00e9a","robots":{"index":"index","follow":"follow","max-snippet":"max-snippet:-1","max-image-preview":"max-image-preview:large","max-video-preview":"max-video-preview:-1"},"canonical":"https:\/\/lescreas-debea.com\/index.php\/mentions-legales\/","og_locale":"fr_FR","og_type":"article","og_title":"Mentions l\u00e9gales - Les Cr\u00e9as de B\u00e9a","og_description":"Identification:B\u00e9atrice Scuitto33 rue Avenue Henri PoncetLa Tonkinoise13090 Aix-en-ProvenceTel : 0663349858Email lescreasdebea@gmail.comH\u00e9bergeur : OVH\u00a02 rue Kellermann\u00a059100 RoubaixSIRET 39815341100028 Activit\u00e9:Num\u00e9ro d&rsquo;inscription au r\u00e9pertoire des m\u00e9tiers (cf carte professionnelle) Mentions relatives \u00e0 l&rsquo;utilisation des cookies:ce site utilise des cookies afin de fournir les services propos\u00e9s sur ce dernier et afin d&rsquo;am\u00e9liorer l&rsquo;exp\u00e9riences de nos utilisateurs.Les cookies sont des &hellip;","og_url":"https:\/\/lescreas-debea.com\/index.php\/mentions-legales\/","og_site_name":"Les Cr\u00e9as de B\u00e9a","article_modified_time":"2021-04-02T12:33:28+00:00","twitter_card":"summary_large_image","twitter_misc":{"Dur\u00e9e de lecture est.":"1 minute"},"schema":{"@context":"https:\/\/schema.org","@graph":[{"@type":"WebSite","@id":"https:\/\/lescreas-debea.com\/#website","url":"https:\/\/lescreas-debea.com\/","name":"Les Cr\u00e9as de B\u00e9a","description":"Articles de couture z\u00e9ro d\u00e9chet fait main Aix-en-Provence","potentialAction":[{"@type":"SearchAction","target":{"@type":"EntryPoint","urlTemplate":"https:\/\/lescreas-debea.com\/?s={search_term_string}"},"query-input":"required name=search_term_string"}],"inLanguage":"fr-FR"},{"@type":"WebPage","@id":"https:\/\/lescreas-debea.com\/index.php\/mentions-legales\/#webpage","url":"https:\/\/lescreas-debea.com\/index.php\/mentions-legales\/","name":"Mentions l\u00e9gales - Les Cr\u00e9as de B\u00e9a","isPartOf":{"@id":"https:\/\/lescreas-debea.com\/#website"},"datePublished":"2021-04-02T12:01:35+00:00","dateModified":"2021-04-02T12:33:28+00:00","breadcrumb":{"@id":"https:\/\/lescreas-debea.com\/index.php\/mentions-legales\/#breadcrumb"},"inLanguage":"fr-FR","potentialAction":[{"@type":"ReadAction","target":["https:\/\/lescreas-debea.com\/index.php\/mentions-legales\/"]}]},{"@type":"BreadcrumbList","@id":"https:\/\/lescreas-debea.com\/index.php\/mentions-legales\/#breadcrumb","itemListElement":[{"@type":"ListItem","position":1,"name":"Accueil","item":"https:\/\/lescreas-debea.com\/"},{"@type":"ListItem","position":2,"name":"Mentions l\u00e9gales"}]}]}},"_links":{"self":[{"href":"https:\/\/lescreas-debea.com\/index.php\/wp-json\/wp\/v2\/pages\/272"}],"collection":[{"href":"https:\/\/lescreas-debea.com\/index.php\/wp-json\/wp\/v2\/pages"}],"about":[{"href":"https:\/\/lescreas-debea.com\/index.php\/wp-json\/wp\/v2\/types\/page"}],"author":[{"embeddable":true,"href":"https:\/\/lescreas-debea.com\/index.php\/wp-json\/wp\/v2\/users\/1"}],"replies":[{"embeddable":true,"href":"https:\/\/lescreas-debea.com\/index.php\/wp-json\/wp\/v2\/comments?post=272"}],"version-history":[{"count":4,"href":"https:\/\/lescreas-debea.com\/index.php\/wp-json\/wp\/v2\/pages\/272\/revisions"}],"predecessor-version":[{"id":277,"href":"https:\/\/lescreas-debea.com\/index.php\/wp-json\/wp\/v2\/pages\/272\/revisions\/277"}],"wp:attachment":[{"href":"https:\/\/lescreas-debea.com\/index.php\/wp-json\/wp\/v2\/media?parent=272"}],"curies":[{"name":"wp","href":"https:\/\/api.w.org\/{rel}","templated":true}]}}