{"id":60,"date":"2021-03-19T12:32:26","date_gmt":"2021-03-19T11:32:26","guid":{"rendered":"http:\/\/lescreas-debea.com\/?page_id=60"},"modified":"2021-04-02T11:38:23","modified_gmt":"2021-04-02T09:38:23","slug":"presentation","status":"publish","type":"page","link":"https:\/\/lescreas-debea.com\/index.php\/presentation\/","title":{"rendered":"Pr\u00e9sentation"},"content":{"rendered":"\t\t<div data-elementor-type=\"wp-page\" data-elementor-id=\"60\" class=\"elementor elementor-60\" data-elementor-settings=\"[]\">\n\t\t\t\t\t\t\t<div class=\"elementor-section-wrap\">\n\t\t\t\t\t\t\t<section class=\"elementor-section elementor-top-section elementor-element elementor-element-a492765 elementor-section-boxed elementor-section-height-default elementor-section-height-default\" data-id=\"a492765\" data-element_type=\"section\">\n\t\t\t\t\t\t<div class=\"elementor-container elementor-column-gap-default\">\n\t\t\t\t\t<div class=\"elementor-column elementor-col-33 elementor-top-column elementor-element elementor-element-701cc43\" data-id=\"701cc43\" data-element_type=\"column\">\n\t\t\t<div class=\"elementor-widget-wrap elementor-element-populated\">\n\t\t\t\t\t\t\t\t<div class=\"elementor-element elementor-element-2a9cf72 elementor-widget elementor-widget-image\" data-id=\"2a9cf72\" data-element_type=\"widget\" data-widget_type=\"image.default\">\n\t\t\t\t<div class=\"elementor-widget-container\">\n\t\t\t\t\t\t\t\t\t\t\t\t\t\t\t<img width=\"300\" height=\"300\" src=\"https:\/\/lescreas-debea.com\/wp-content\/uploads\/2021\/03\/IMG_20200106_161329_929-300x300.jpg\" class=\"attachment-medium size-medium\" alt=\"\" loading=\"lazy\" srcset=\"https:\/\/lescreas-debea.com\/wp-content\/uploads\/2021\/03\/IMG_20200106_161329_929-scaled-300x300.jpg 300w, https:\/\/lescreas-debea.com\/wp-content\/uploads\/2021\/03\/IMG_20200106_161329_929-scaled-100x100.jpg 100w, https:\/\/lescreas-debea.com\/wp-content\/uploads\/2021\/03\/IMG_20200106_161329_929-scaled-600x600.jpg 600w, https:\/\/lescreas-debea.com\/wp-content\/uploads\/2021\/03\/IMG_20200106_161329_929-1024x1024.jpg 1024w, https:\/\/lescreas-debea.com\/wp-content\/uploads\/2021\/03\/IMG_20200106_161329_929-150x150.jpg 150w, https:\/\/lescreas-debea.com\/wp-content\/uploads\/2021\/03\/IMG_20200106_161329_929-768x768.jpg 768w, https:\/\/lescreas-debea.com\/wp-content\/uploads\/2021\/03\/IMG_20200106_161329_929-1536x1536.jpg 1536w, https:\/\/lescreas-debea.com\/wp-content\/uploads\/2021\/03\/IMG_20200106_161329_929-2048x2048.jpg 2048w, https:\/\/lescreas-debea.com\/wp-content\/uploads\/2021\/03\/IMG_20200106_161329_929-860x860.jpg 860w\" sizes=\"(max-width: 300px) 100vw, 300px\" \/>\t\t\t\t\t\t\t\t\t\t\t\t\t\t\t<\/div>\n\t\t\t\t<\/div>\n\t\t\t\t\t<\/div>\n\t\t<\/div>\n\t\t\t\t<div class=\"elementor-column elementor-col-33 elementor-top-column elementor-element elementor-element-aa9e50f\" data-id=\"aa9e50f\" data-element_type=\"column\">\n\t\t\t<div class=\"elementor-widget-wrap elementor-element-populated\">\n\t\t\t\t\t\t\t\t<div class=\"elementor-element elementor-element-403f7c7 elementor-widget elementor-widget-heading\" data-id=\"403f7c7\" data-element_type=\"widget\" data-widget_type=\"heading.default\">\n\t\t\t\t<div class=\"elementor-widget-container\">\n\t\t\t<h2 class=\"elementor-heading-title elementor-size-default\">Pr\u00e9sentation<\/h2>\t\t<\/div>\n\t\t\t\t<\/div>\n\t\t\t\t<div class=\"elementor-element elementor-element-012da32 elementor-widget elementor-widget-text-editor\" data-id=\"012da32\" data-element_type=\"widget\" data-widget_type=\"text-editor.default\">\n\t\t\t\t<div class=\"elementor-widget-container\">\n\t\t\t\t\t\t\t<p>B\u00e9atrice, deux enfants, plusieurs vies professionnelles&#8230;Ni Wonderwoman ni Mary Poppins mais toujours en action !<br \/>J&rsquo;adorerais changer le monde mais, en attendant, je fais de mon mieux pour le pr\u00e9server.<br \/>Je crois aux \u00ab\u00a0petits gestes\u00a0\u00bb quotidiens et c&rsquo;est ainsi que je con\u00e7ois mes objets de couture comme j&rsquo;aime les nommer.<br \/>Pratiques, simples et agr\u00e9ables \u00e0 utiliser.<br \/>Beaucoup de couleurs et de motifs parce que j&rsquo;aime \u00e7a !<br \/>Mais n&rsquo;h\u00e9sitez pas \u00e0 me contacter pour des mod\u00e8les plus \u00ab\u00a0sobres\u00a0\u00bb.<br \/>Tout est \u00ab\u00a0fait main\u00a0\u00bb dans la joie et la bonne humeur (enfin&#8230;je r\u00e2le un peu aussi).<br \/>Ici les ronds ne le sont pas vraiment et les angles parfois arrondis, c&rsquo;est tout le charme du<br \/>\u00ab\u00a0made in Aix-en-Provence\u00a0\u00bb !<br \/>Je fonctionne au coup de c\u0153ur pour un imprim\u00e9, un coloris.<br \/>Mais assez parl\u00e9 de moi, je vous laisse d\u00e9couvrir mon univers,\u00a0<br \/>Bienvenue chez Les Cr\u00e9as de B\u00e9a !<\/p>\t\t\t\t\t\t<\/div>\n\t\t\t\t<\/div>\n\t\t\t\t\t<\/div>\n\t\t<\/div>\n\t\t\t\t<div class=\"elementor-column elementor-col-33 elementor-top-column elementor-element elementor-element-d30b2a1\" data-id=\"d30b2a1\" data-element_type=\"column\">\n\t\t\t<div class=\"elementor-widget-wrap elementor-element-populated\">\n\t\t\t\t\t\t\t\t<div class=\"elementor-element elementor-element-93a730a elementor-widget elementor-widget-image\" data-id=\"93a730a\" data-element_type=\"widget\" data-widget_type=\"image.default\">\n\t\t\t\t<div class=\"elementor-widget-container\">\n\t\t\t\t\t\t\t\t\t\t\t\t\t\t\t<img width=\"830\" height=\"830\" src=\"https:\/\/lescreas-debea.com\/wp-content\/uploads\/2021\/03\/IMG_20190526_212002_649-1024x1024.jpg\" class=\"attachment-large size-large\" alt=\"\" loading=\"lazy\" srcset=\"https:\/\/lescreas-debea.com\/wp-content\/uploads\/2021\/03\/IMG_20190526_212002_649-1024x1024.jpg 1024w, https:\/\/lescreas-debea.com\/wp-content\/uploads\/2021\/03\/IMG_20190526_212002_649-300x300.jpg 300w, https:\/\/lescreas-debea.com\/wp-content\/uploads\/2021\/03\/IMG_20190526_212002_649-100x100.jpg 100w, https:\/\/lescreas-debea.com\/wp-content\/uploads\/2021\/03\/IMG_20190526_212002_649-600x600.jpg 600w, https:\/\/lescreas-debea.com\/wp-content\/uploads\/2021\/03\/IMG_20190526_212002_649-150x150.jpg 150w, https:\/\/lescreas-debea.com\/wp-content\/uploads\/2021\/03\/IMG_20190526_212002_649-768x768.jpg 768w, https:\/\/lescreas-debea.com\/wp-content\/uploads\/2021\/03\/IMG_20190526_212002_649-1536x1536.jpg 1536w, https:\/\/lescreas-debea.com\/wp-content\/uploads\/2021\/03\/IMG_20190526_212002_649-860x860.jpg 860w, https:\/\/lescreas-debea.com\/wp-content\/uploads\/2021\/03\/IMG_20190526_212002_649.jpg 1836w\" sizes=\"(max-width: 830px) 100vw, 830px\" \/>\t\t\t\t\t\t\t\t\t\t\t\t\t\t\t<\/div>\n\t\t\t\t<\/div>\n\t\t\t\t\t<\/div>\n\t\t<\/div>\n\t\t\t\t\t\t\t<\/div>\n\t\t<\/section>\n\t\t\t\t\t\t<\/div>\n\t\t\t\t\t<\/div>\n\t\t","protected":false},"excerpt":{"rendered":"<p>Pr\u00e9sentation B\u00e9atrice, deux enfants, plusieurs vies professionnelles&#8230;Ni Wonderwoman ni Mary Poppins mais toujours en action !J&rsquo;adorerais changer le monde mais, en attendant, je fais de mon mieux pour le pr\u00e9server.Je crois aux \u00ab\u00a0petits gestes\u00a0\u00bb quotidiens et c&rsquo;est ainsi que je con\u00e7ois mes objets de couture comme j&rsquo;aime les nommer.Pratiques, simples et agr\u00e9ables \u00e0 utiliser.Beaucoup de &hellip; <\/p>\n","protected":false},"author":1,"featured_media":0,"parent":0,"menu_order":0,"comment_status":"closed","ping_status":"closed","template":"elementor_header_footer","meta":[],"yoast_head":"<!-- This site is optimized with the Yoast SEO plugin v17.4 - https:\/\/yoast.com\/wordpress\/plugins\/seo\/ -->\n<title>Pr\u00e9sentation - Les Cr\u00e9as de B\u00e9a<\/title>\n<meta name=\"robots\" content=\"index, follow, max-snippet:-1, max-image-preview:large, max-video-preview:-1\" \/>\n<link rel=\"canonical\" href=\"https:\/\/lescreas-debea.com\/index.php\/presentation\/\" \/>\n<meta property=\"og:locale\" content=\"fr_FR\" \/>\n<meta property=\"og:type\" content=\"article\" \/>\n<meta property=\"og:title\" content=\"Pr\u00e9sentation - Les Cr\u00e9as de B\u00e9a\" \/>\n<meta property=\"og:description\" content=\"Pr\u00e9sentation B\u00e9atrice, deux enfants, plusieurs vies professionnelles&#8230;Ni Wonderwoman ni Mary Poppins mais toujours en action !J&rsquo;adorerais changer le monde mais, en attendant, je fais de mon mieux pour le pr\u00e9server.Je crois aux \u00ab\u00a0petits gestes\u00a0\u00bb quotidiens et c&rsquo;est ainsi que je con\u00e7ois mes objets de couture comme j&rsquo;aime les nommer.Pratiques, simples et agr\u00e9ables \u00e0 utiliser.Beaucoup de &hellip;\" \/>\n<meta property=\"og:url\" content=\"https:\/\/lescreas-debea.com\/index.php\/presentation\/\" \/>\n<meta property=\"og:site_name\" content=\"Les Cr\u00e9as de B\u00e9a\" \/>\n<meta property=\"article:modified_time\" content=\"2021-04-02T09:38:23+00:00\" \/>\n<meta property=\"og:image\" content=\"http:\/\/lescreas-debea.com\/wp-content\/uploads\/2021\/03\/IMG_20200106_161329_929-300x300.jpg\" \/>\n<meta name=\"twitter:card\" content=\"summary_large_image\" \/>\n<meta name=\"twitter:label1\" content=\"Dur\u00e9e de lecture est.\" \/>\n\t<meta name=\"twitter:data1\" content=\"1 minute\" \/>\n<script type=\"application\/ld+json\" class=\"yoast-schema-graph\">{\"@context\":\"https:\/\/schema.org\",\"@graph\":[{\"@type\":\"WebSite\",\"@id\":\"https:\/\/lescreas-debea.com\/#website\",\"url\":\"https:\/\/lescreas-debea.com\/\",\"name\":\"Les Cr\\u00e9as de B\\u00e9a\",\"description\":\"Articles de couture z\\u00e9ro d\\u00e9chet fait main Aix-en-Provence\",\"potentialAction\":[{\"@type\":\"SearchAction\",\"target\":{\"@type\":\"EntryPoint\",\"urlTemplate\":\"https:\/\/lescreas-debea.com\/?s={search_term_string}\"},\"query-input\":\"required name=search_term_string\"}],\"inLanguage\":\"fr-FR\"},{\"@type\":\"ImageObject\",\"@id\":\"https:\/\/lescreas-debea.com\/index.php\/presentation\/#primaryimage\",\"inLanguage\":\"fr-FR\",\"url\":\"http:\/\/lescreas-debea.com\/wp-content\/uploads\/2021\/03\/IMG_20200106_161329_929-300x300.jpg\",\"contentUrl\":\"http:\/\/lescreas-debea.com\/wp-content\/uploads\/2021\/03\/IMG_20200106_161329_929-300x300.jpg\"},{\"@type\":\"WebPage\",\"@id\":\"https:\/\/lescreas-debea.com\/index.php\/presentation\/#webpage\",\"url\":\"https:\/\/lescreas-debea.com\/index.php\/presentation\/\",\"name\":\"Pr\\u00e9sentation - Les Cr\\u00e9as de B\\u00e9a\",\"isPartOf\":{\"@id\":\"https:\/\/lescreas-debea.com\/#website\"},\"primaryImageOfPage\":{\"@id\":\"https:\/\/lescreas-debea.com\/index.php\/presentation\/#primaryimage\"},\"datePublished\":\"2021-03-19T11:32:26+00:00\",\"dateModified\":\"2021-04-02T09:38:23+00:00\",\"breadcrumb\":{\"@id\":\"https:\/\/lescreas-debea.com\/index.php\/presentation\/#breadcrumb\"},\"inLanguage\":\"fr-FR\",\"potentialAction\":[{\"@type\":\"ReadAction\",\"target\":[\"https:\/\/lescreas-debea.com\/index.php\/presentation\/\"]}]},{\"@type\":\"BreadcrumbList\",\"@id\":\"https:\/\/lescreas-debea.com\/index.php\/presentation\/#breadcrumb\",\"itemListElement\":[{\"@type\":\"ListItem\",\"position\":1,\"name\":\"Accueil\",\"item\":\"https:\/\/lescreas-debea.com\/\"},{\"@type\":\"ListItem\",\"position\":2,\"name\":\"Pr\\u00e9sentation\"}]}]}<\/script>\n<!-- \/ Yoast SEO plugin. -->","yoast_head_json":{"title":"Pr\u00e9sentation - Les Cr\u00e9as de B\u00e9a","robots":{"index":"index","follow":"follow","max-snippet":"max-snippet:-1","max-image-preview":"max-image-preview:large","max-video-preview":"max-video-preview:-1"},"canonical":"https:\/\/lescreas-debea.com\/index.php\/presentation\/","og_locale":"fr_FR","og_type":"article","og_title":"Pr\u00e9sentation - Les Cr\u00e9as de B\u00e9a","og_description":"Pr\u00e9sentation B\u00e9atrice, deux enfants, plusieurs vies professionnelles&#8230;Ni Wonderwoman ni Mary Poppins mais toujours en action !J&rsquo;adorerais changer le monde mais, en attendant, je fais de mon mieux pour le pr\u00e9server.Je crois aux \u00ab\u00a0petits gestes\u00a0\u00bb quotidiens et c&rsquo;est ainsi que je con\u00e7ois mes objets de couture comme j&rsquo;aime les nommer.Pratiques, simples et agr\u00e9ables \u00e0 utiliser.Beaucoup de &hellip;","og_url":"https:\/\/lescreas-debea.com\/index.php\/presentation\/","og_site_name":"Les Cr\u00e9as de B\u00e9a","article_modified_time":"2021-04-02T09:38:23+00:00","og_image":[{"url":"http:\/\/lescreas-debea.com\/wp-content\/uploads\/2021\/03\/IMG_20200106_161329_929-300x300.jpg"}],"twitter_card":"summary_large_image","twitter_misc":{"Dur\u00e9e de lecture est.":"1 minute"},"schema":{"@context":"https:\/\/schema.org","@graph":[{"@type":"WebSite","@id":"https:\/\/lescreas-debea.com\/#website","url":"https:\/\/lescreas-debea.com\/","name":"Les Cr\u00e9as de B\u00e9a","description":"Articles de couture z\u00e9ro d\u00e9chet fait main Aix-en-Provence","potentialAction":[{"@type":"SearchAction","target":{"@type":"EntryPoint","urlTemplate":"https:\/\/lescreas-debea.com\/?s={search_term_string}"},"query-input":"required name=search_term_string"}],"inLanguage":"fr-FR"},{"@type":"ImageObject","@id":"https:\/\/lescreas-debea.com\/index.php\/presentation\/#primaryimage","inLanguage":"fr-FR","url":"http:\/\/lescreas-debea.com\/wp-content\/uploads\/2021\/03\/IMG_20200106_161329_929-300x300.jpg","contentUrl":"http:\/\/lescreas-debea.com\/wp-content\/uploads\/2021\/03\/IMG_20200106_161329_929-300x300.jpg"},{"@type":"WebPage","@id":"https:\/\/lescreas-debea.com\/index.php\/presentation\/#webpage","url":"https:\/\/lescreas-debea.com\/index.php\/presentation\/","name":"Pr\u00e9sentation - Les Cr\u00e9as de B\u00e9a","isPartOf":{"@id":"https:\/\/lescreas-debea.com\/#website"},"primaryImageOfPage":{"@id":"https:\/\/lescreas-debea.com\/index.php\/presentation\/#primaryimage"},"datePublished":"2021-03-19T11:32:26+00:00","dateModified":"2021-04-02T09:38:23+00:00","breadcrumb":{"@id":"https:\/\/lescreas-debea.com\/index.php\/presentation\/#breadcrumb"},"inLanguage":"fr-FR","potentialAction":[{"@type":"ReadAction","target":["https:\/\/lescreas-debea.com\/index.php\/presentation\/"]}]},{"@type":"BreadcrumbList","@id":"https:\/\/lescreas-debea.com\/index.php\/presentation\/#breadcrumb","itemListElement":[{"@type":"ListItem","position":1,"name":"Accueil","item":"https:\/\/lescreas-debea.com\/"},{"@type":"ListItem","position":2,"name":"Pr\u00e9sentation"}]}]}},"_links":{"self":[{"href":"https:\/\/lescreas-debea.com\/index.php\/wp-json\/wp\/v2\/pages\/60"}],"collection":[{"href":"https:\/\/lescreas-debea.com\/index.php\/wp-json\/wp\/v2\/pages"}],"about":[{"href":"https:\/\/lescreas-debea.com\/index.php\/wp-json\/wp\/v2\/types\/page"}],"author":[{"embeddable":true,"href":"https:\/\/lescreas-debea.com\/index.php\/wp-json\/wp\/v2\/users\/1"}],"replies":[{"embeddable":true,"href":"https:\/\/lescreas-debea.com\/index.php\/wp-json\/wp\/v2\/comments?post=60"}],"version-history":[{"count":46,"href":"https:\/\/lescreas-debea.com\/index.php\/wp-json\/wp\/v2\/pages\/60\/revisions"}],"predecessor-version":[{"id":271,"href":"https:\/\/lescreas-debea.com\/index.php\/wp-json\/wp\/v2\/pages\/60\/revisions\/271"}],"wp:attachment":[{"href":"https:\/\/lescreas-debea.com\/index.php\/wp-json\/wp\/v2\/media?parent=60"}],"curies":[{"name":"wp","href":"https:\/\/api.w.org\/{rel}","templated":true}]}}