{"id":565,"date":"2021-05-10T14:07:27","date_gmt":"2021-05-10T12:07:27","guid":{"rendered":"https:\/\/lescreas-debea.com\/?post_type=product&#038;p=565"},"modified":"2024-11-10T13:04:59","modified_gmt":"2024-11-10T12:04:59","slug":"sac-pour-cake-et-collations-gingko-bleu","status":"publish","type":"product","link":"https:\/\/lescreas-debea.com\/index.php\/product\/sac-pour-cake-et-collations-gingko-bleu\/","title":{"rendered":"Sac pour cake et collations Gingko bleu"},"content":{"rendered":"<p>Ce sac vous permettra de transporter en toute s\u00e9curit\u00e9 vos plats m\u00eame chauds.<\/p>\n<p>Il sera id\u00e9al pour vos repas en ext\u00e9rieur ou au bureau. Sandwich, fruit et boisson seront \u00e0 l&rsquo;abri de la poussi\u00e8re.<br \/>\nFini le sac en plastique et le papier alu , pas \u00e9cologiques ni super pratiques.<\/p>\n<p>Vous \u00eates invit\u00e9s ? Offrez le \u00ab\u00a0sac \u00e0 cake\u00a0\u00bb avec le dessert !<\/p>\n<p>Ce sera un cadeau \u00ab\u00a0petit budget\u00a0\u00bb id\u00e9al pour remercier la voisine qui arrose vos plantes, la gardienne qui garde vos colis, l&rsquo;institutrice ou l&rsquo;invit\u00e9 surprise !<\/p>\n<p>Toile de coton motif feuilles de Gingko bleu doubl\u00e9e de coton imprim\u00e9 Terrazzo.<br \/>\nLes tissus sont certifi\u00e9s Oeko Tex .<\/p>\n<p>Dimensions :<\/p>\n<p>Lavage en machine : 30\u00b0<\/p>\n<p>Merci de votre visite et \u00e0 tr\u00e8s bient\u00f4t !<br \/>\nLa livraison en courrier suivi est offerte &#8211; Exp\u00e9dition sous 1 \u00e0 3 jours ouvrables<\/p>\n<p>NB : Le sac \u00e0 cake est vendu vide.<\/p>\n","protected":false},"excerpt":{"rendered":"<p>Petit sac id\u00e9al pour le transport de vos cakes ou de vos petits repas en ext\u00e9rieur ou sur votre lieu de travail.<\/p>\n","protected":false},"featured_media":549,"comment_status":"open","ping_status":"closed","template":"","meta":[],"product_cat":[16,27],"product_tag":[],"yoast_head":"<!-- This site is optimized with the Yoast SEO plugin v17.4 - https:\/\/yoast.com\/wordpress\/plugins\/seo\/ -->\n<title>Sac pour cake et collations Gingko bleu - Les Cr\u00e9as de B\u00e9a<\/title>\n<meta name=\"robots\" content=\"index, follow, max-snippet:-1, max-image-preview:large, max-video-preview:-1\" \/>\n<link rel=\"canonical\" href=\"https:\/\/lescreas-debea.com\/index.php\/product\/sac-pour-cake-et-collations-gingko-bleu\/\" \/>\n<meta property=\"og:locale\" content=\"fr_FR\" \/>\n<meta property=\"og:type\" content=\"article\" \/>\n<meta property=\"og:title\" content=\"Sac pour cake et collations Gingko bleu - Les Cr\u00e9as de B\u00e9a\" \/>\n<meta property=\"og:description\" content=\"Petit sac id\u00e9al pour le transport de vos cakes ou de vos petits repas en ext\u00e9rieur ou sur votre lieu de travail.\" \/>\n<meta property=\"og:url\" content=\"https:\/\/lescreas-debea.com\/index.php\/product\/sac-pour-cake-et-collations-gingko-bleu\/\" \/>\n<meta property=\"og:site_name\" content=\"Les Cr\u00e9as de B\u00e9a\" \/>\n<meta property=\"article:modified_time\" content=\"2024-11-10T12:04:59+00:00\" \/>\n<meta property=\"og:image\" content=\"https:\/\/lescreas-debea.com\/wp-content\/uploads\/2021\/05\/sac-cake-gingko-bleu-terrazzo-1-scaled.jpg\" \/>\n\t<meta property=\"og:image:width\" content=\"2560\" \/>\n\t<meta property=\"og:image:height\" content=\"2560\" \/>\n<meta name=\"twitter:card\" content=\"summary_large_image\" \/>\n<meta name=\"twitter:label1\" content=\"Dur\u00e9e de lecture est.\" \/>\n\t<meta name=\"twitter:data1\" content=\"1 minute\" \/>\n<script type=\"application\/ld+json\" class=\"yoast-schema-graph\">{\"@context\":\"https:\/\/schema.org\",\"@graph\":[{\"@type\":\"WebSite\",\"@id\":\"https:\/\/lescreas-debea.com\/#website\",\"url\":\"https:\/\/lescreas-debea.com\/\",\"name\":\"Les Cr\\u00e9as de B\\u00e9a\",\"description\":\"Articles de couture z\\u00e9ro d\\u00e9chet fait main Aix-en-Provence\",\"potentialAction\":[{\"@type\":\"SearchAction\",\"target\":{\"@type\":\"EntryPoint\",\"urlTemplate\":\"https:\/\/lescreas-debea.com\/?s={search_term_string}\"},\"query-input\":\"required name=search_term_string\"}],\"inLanguage\":\"fr-FR\"},{\"@type\":\"ImageObject\",\"@id\":\"https:\/\/lescreas-debea.com\/index.php\/product\/sac-pour-cake-et-collations-gingko-bleu\/#primaryimage\",\"inLanguage\":\"fr-FR\",\"url\":\"https:\/\/lescreas-debea.com\/wp-content\/uploads\/2021\/05\/sac-cake-gingko-bleu-terrazzo-1-scaled.jpg\",\"contentUrl\":\"https:\/\/lescreas-debea.com\/wp-content\/uploads\/2021\/05\/sac-cake-gingko-bleu-terrazzo-1-scaled.jpg\",\"width\":2560,\"height\":2560},{\"@type\":\"WebPage\",\"@id\":\"https:\/\/lescreas-debea.com\/index.php\/product\/sac-pour-cake-et-collations-gingko-bleu\/#webpage\",\"url\":\"https:\/\/lescreas-debea.com\/index.php\/product\/sac-pour-cake-et-collations-gingko-bleu\/\",\"name\":\"Sac pour cake et collations Gingko bleu - Les Cr\\u00e9as de B\\u00e9a\",\"isPartOf\":{\"@id\":\"https:\/\/lescreas-debea.com\/#website\"},\"primaryImageOfPage\":{\"@id\":\"https:\/\/lescreas-debea.com\/index.php\/product\/sac-pour-cake-et-collations-gingko-bleu\/#primaryimage\"},\"datePublished\":\"2021-05-10T12:07:27+00:00\",\"dateModified\":\"2024-11-10T12:04:59+00:00\",\"breadcrumb\":{\"@id\":\"https:\/\/lescreas-debea.com\/index.php\/product\/sac-pour-cake-et-collations-gingko-bleu\/#breadcrumb\"},\"inLanguage\":\"fr-FR\",\"potentialAction\":[{\"@type\":\"ReadAction\",\"target\":[\"https:\/\/lescreas-debea.com\/index.php\/product\/sac-pour-cake-et-collations-gingko-bleu\/\"]}]},{\"@type\":\"BreadcrumbList\",\"@id\":\"https:\/\/lescreas-debea.com\/index.php\/product\/sac-pour-cake-et-collations-gingko-bleu\/#breadcrumb\",\"itemListElement\":[{\"@type\":\"ListItem\",\"position\":1,\"name\":\"Accueil\",\"item\":\"https:\/\/lescreas-debea.com\/\"},{\"@type\":\"ListItem\",\"position\":2,\"name\":\"Tous les produits\",\"item\":\"https:\/\/lescreas-debea.com\/index.php\/shop\/\"},{\"@type\":\"ListItem\",\"position\":3,\"name\":\"Sac pour cake et collations Gingko bleu\"}]}]}<\/script>\n<!-- \/ Yoast SEO plugin. -->","yoast_head_json":{"title":"Sac pour cake et collations Gingko bleu - Les Cr\u00e9as de B\u00e9a","robots":{"index":"index","follow":"follow","max-snippet":"max-snippet:-1","max-image-preview":"max-image-preview:large","max-video-preview":"max-video-preview:-1"},"canonical":"https:\/\/lescreas-debea.com\/index.php\/product\/sac-pour-cake-et-collations-gingko-bleu\/","og_locale":"fr_FR","og_type":"article","og_title":"Sac pour cake et collations Gingko bleu - Les Cr\u00e9as de B\u00e9a","og_description":"Petit sac id\u00e9al pour le transport de vos cakes ou de vos petits repas en ext\u00e9rieur ou sur votre lieu de travail.","og_url":"https:\/\/lescreas-debea.com\/index.php\/product\/sac-pour-cake-et-collations-gingko-bleu\/","og_site_name":"Les Cr\u00e9as de B\u00e9a","article_modified_time":"2024-11-10T12:04:59+00:00","og_image":[{"width":2560,"height":2560,"url":"https:\/\/lescreas-debea.com\/wp-content\/uploads\/2021\/05\/sac-cake-gingko-bleu-terrazzo-1-scaled.jpg","type":"image\/jpeg"}],"twitter_card":"summary_large_image","twitter_misc":{"Dur\u00e9e de lecture est.":"1 minute"},"schema":{"@context":"https:\/\/schema.org","@graph":[{"@type":"WebSite","@id":"https:\/\/lescreas-debea.com\/#website","url":"https:\/\/lescreas-debea.com\/","name":"Les Cr\u00e9as de B\u00e9a","description":"Articles de couture z\u00e9ro d\u00e9chet fait main Aix-en-Provence","potentialAction":[{"@type":"SearchAction","target":{"@type":"EntryPoint","urlTemplate":"https:\/\/lescreas-debea.com\/?s={search_term_string}"},"query-input":"required name=search_term_string"}],"inLanguage":"fr-FR"},{"@type":"ImageObject","@id":"https:\/\/lescreas-debea.com\/index.php\/product\/sac-pour-cake-et-collations-gingko-bleu\/#primaryimage","inLanguage":"fr-FR","url":"https:\/\/lescreas-debea.com\/wp-content\/uploads\/2021\/05\/sac-cake-gingko-bleu-terrazzo-1-scaled.jpg","contentUrl":"https:\/\/lescreas-debea.com\/wp-content\/uploads\/2021\/05\/sac-cake-gingko-bleu-terrazzo-1-scaled.jpg","width":2560,"height":2560},{"@type":"WebPage","@id":"https:\/\/lescreas-debea.com\/index.php\/product\/sac-pour-cake-et-collations-gingko-bleu\/#webpage","url":"https:\/\/lescreas-debea.com\/index.php\/product\/sac-pour-cake-et-collations-gingko-bleu\/","name":"Sac pour cake et collations Gingko bleu - Les Cr\u00e9as de B\u00e9a","isPartOf":{"@id":"https:\/\/lescreas-debea.com\/#website"},"primaryImageOfPage":{"@id":"https:\/\/lescreas-debea.com\/index.php\/product\/sac-pour-cake-et-collations-gingko-bleu\/#primaryimage"},"datePublished":"2021-05-10T12:07:27+00:00","dateModified":"2024-11-10T12:04:59+00:00","breadcrumb":{"@id":"https:\/\/lescreas-debea.com\/index.php\/product\/sac-pour-cake-et-collations-gingko-bleu\/#breadcrumb"},"inLanguage":"fr-FR","potentialAction":[{"@type":"ReadAction","target":["https:\/\/lescreas-debea.com\/index.php\/product\/sac-pour-cake-et-collations-gingko-bleu\/"]}]},{"@type":"BreadcrumbList","@id":"https:\/\/lescreas-debea.com\/index.php\/product\/sac-pour-cake-et-collations-gingko-bleu\/#breadcrumb","itemListElement":[{"@type":"ListItem","position":1,"name":"Accueil","item":"https:\/\/lescreas-debea.com\/"},{"@type":"ListItem","position":2,"name":"Tous les produits","item":"https:\/\/lescreas-debea.com\/index.php\/shop\/"},{"@type":"ListItem","position":3,"name":"Sac pour cake et collations Gingko bleu"}]}]}},"_links":{"self":[{"href":"https:\/\/lescreas-debea.com\/index.php\/wp-json\/wp\/v2\/product\/565"}],"collection":[{"href":"https:\/\/lescreas-debea.com\/index.php\/wp-json\/wp\/v2\/product"}],"about":[{"href":"https:\/\/lescreas-debea.com\/index.php\/wp-json\/wp\/v2\/types\/product"}],"replies":[{"embeddable":true,"href":"https:\/\/lescreas-debea.com\/index.php\/wp-json\/wp\/v2\/comments?post=565"}],"wp:featuredmedia":[{"embeddable":true,"href":"https:\/\/lescreas-debea.com\/index.php\/wp-json\/wp\/v2\/media\/549"}],"wp:attachment":[{"href":"https:\/\/lescreas-debea.com\/index.php\/wp-json\/wp\/v2\/media?parent=565"}],"wp:term":[{"taxonomy":"product_cat","embeddable":true,"href":"https:\/\/lescreas-debea.com\/index.php\/wp-json\/wp\/v2\/product_cat?post=565"},{"taxonomy":"product_tag","embeddable":true,"href":"https:\/\/lescreas-debea.com\/index.php\/wp-json\/wp\/v2\/product_tag?post=565"}],"curies":[{"name":"wp","href":"https:\/\/api.w.org\/{rel}","templated":true}]}}