{"id":567,"date":"2021-05-10T14:39:29","date_gmt":"2021-05-10T12:39:29","guid":{"rendered":"https:\/\/lescreas-debea.com\/?post_type=product&#038;p=567"},"modified":"2021-06-21T17:06:18","modified_gmt":"2021-06-21T15:06:18","slug":"essuie-tout-lavable-coton-et-nid-dabeille-oeko-tex","status":"publish","type":"product","link":"https:\/\/lescreas-debea.com\/index.php\/product\/essuie-tout-lavable-coton-et-nid-dabeille-oeko-tex\/","title":{"rendered":"Essuie tout lavable Lemon coton et nid d&rsquo;abeille Oeko Tex"},"content":{"rendered":"<p>Oubliez le jetable , passez au durable !<br \/>\nParticipez \u00e0 la r\u00e9duction des d\u00e9chets et colorez votre cuisine .<\/p>\n<p>Ce rouleau d&rsquo;essuie-tout lavable est compos\u00e9 de 6 feuilles.<\/p>\n<p>Une face coton imprim\u00e9, une face coton nid d&rsquo;abeille\u00a0 \u00e9cru<br \/>\n3 feuilles motif citrons &#8211; 3 feuilles motif v\u00e9g\u00e9tal vert<br \/>\nCotons Oeko tex<\/p>\n<p>Dimensions 22 x 22 cm<\/p>\n<p>Les feuilles sont reli\u00e9es entre elles par pressions.<\/p>\n<p>Les feuilles pourront \u00e9galement remplacer vos serviettes en papier.<\/p>\n<p>Lavable en machine \u00e0 30\u00b0, jusqu&rsquo;\u00e0 40\u00b0C.<br \/>\nPour les t\u00e2ches persistantes, faire tremper dans de l&rsquo;eau froide avec du percarbonate de soude (d\u00e9tachant naturel )<\/p>\n<p>Livraison par Mondial Relay offerte &#8211; Exp\u00e9dition sous 1 \u00e0 3 jours ouvrables<\/p>\n<p>NB : vendu sans le support<\/p>\n<p>Fait main \u00e0 Aix-en-Provence.<\/p>\n","protected":false},"excerpt":{"rendered":"<p>L&rsquo;essuie tout lavable , la r\u00e9volution en cuisine.<br \/>\nEssuyez, rincez, s\u00e9chez, r\u00e9utilisez !<\/p>\n","protected":false},"featured_media":585,"comment_status":"open","ping_status":"closed","template":"","meta":[],"product_cat":[26,16],"product_tag":[],"yoast_head":"<!-- This site is optimized with the Yoast SEO plugin v17.4 - https:\/\/yoast.com\/wordpress\/plugins\/seo\/ -->\n<title>Essuie tout lavable Lemon coton et nid d&#039;abeille Oeko Tex - Les Cr\u00e9as de B\u00e9a<\/title>\n<meta name=\"robots\" content=\"index, follow, max-snippet:-1, max-image-preview:large, max-video-preview:-1\" \/>\n<link rel=\"canonical\" href=\"https:\/\/lescreas-debea.com\/index.php\/product\/essuie-tout-lavable-coton-et-nid-dabeille-oeko-tex\/\" \/>\n<meta property=\"og:locale\" content=\"fr_FR\" \/>\n<meta property=\"og:type\" content=\"article\" \/>\n<meta property=\"og:title\" content=\"Essuie tout lavable Lemon coton et nid d&#039;abeille Oeko Tex - Les Cr\u00e9as de B\u00e9a\" \/>\n<meta property=\"og:description\" content=\"L&#039;essuie tout lavable , la r\u00e9volution en cuisine. Essuyez, rincez, s\u00e9chez, r\u00e9utilisez !\" \/>\n<meta property=\"og:url\" content=\"https:\/\/lescreas-debea.com\/index.php\/product\/essuie-tout-lavable-coton-et-nid-dabeille-oeko-tex\/\" \/>\n<meta property=\"og:site_name\" content=\"Les Cr\u00e9as de B\u00e9a\" \/>\n<meta property=\"article:modified_time\" content=\"2021-06-21T15:06:18+00:00\" \/>\n<meta property=\"og:image\" content=\"https:\/\/lescreas-debea.com\/wp-content\/uploads\/2021\/05\/essuie-tout-limonade-vert-jaune-1-scaled.jpg\" \/>\n\t<meta property=\"og:image:width\" content=\"2560\" \/>\n\t<meta property=\"og:image:height\" content=\"2560\" \/>\n<meta name=\"twitter:card\" content=\"summary_large_image\" \/>\n<meta name=\"twitter:label1\" content=\"Dur\u00e9e de lecture est.\" \/>\n\t<meta name=\"twitter:data1\" content=\"1 minute\" \/>\n<script type=\"application\/ld+json\" class=\"yoast-schema-graph\">{\"@context\":\"https:\/\/schema.org\",\"@graph\":[{\"@type\":\"WebSite\",\"@id\":\"https:\/\/lescreas-debea.com\/#website\",\"url\":\"https:\/\/lescreas-debea.com\/\",\"name\":\"Les Cr\\u00e9as de B\\u00e9a\",\"description\":\"Articles de couture z\\u00e9ro d\\u00e9chet fait main Aix-en-Provence\",\"potentialAction\":[{\"@type\":\"SearchAction\",\"target\":{\"@type\":\"EntryPoint\",\"urlTemplate\":\"https:\/\/lescreas-debea.com\/?s={search_term_string}\"},\"query-input\":\"required name=search_term_string\"}],\"inLanguage\":\"fr-FR\"},{\"@type\":\"ImageObject\",\"@id\":\"https:\/\/lescreas-debea.com\/index.php\/product\/essuie-tout-lavable-coton-et-nid-dabeille-oeko-tex\/#primaryimage\",\"inLanguage\":\"fr-FR\",\"url\":\"https:\/\/lescreas-debea.com\/wp-content\/uploads\/2021\/05\/essuie-tout-limonade-vert-jaune-1-scaled.jpg\",\"contentUrl\":\"https:\/\/lescreas-debea.com\/wp-content\/uploads\/2021\/05\/essuie-tout-limonade-vert-jaune-1-scaled.jpg\",\"width\":2560,\"height\":2560},{\"@type\":\"WebPage\",\"@id\":\"https:\/\/lescreas-debea.com\/index.php\/product\/essuie-tout-lavable-coton-et-nid-dabeille-oeko-tex\/#webpage\",\"url\":\"https:\/\/lescreas-debea.com\/index.php\/product\/essuie-tout-lavable-coton-et-nid-dabeille-oeko-tex\/\",\"name\":\"Essuie tout lavable Lemon coton et nid d'abeille Oeko Tex - Les Cr\\u00e9as de B\\u00e9a\",\"isPartOf\":{\"@id\":\"https:\/\/lescreas-debea.com\/#website\"},\"primaryImageOfPage\":{\"@id\":\"https:\/\/lescreas-debea.com\/index.php\/product\/essuie-tout-lavable-coton-et-nid-dabeille-oeko-tex\/#primaryimage\"},\"datePublished\":\"2021-05-10T12:39:29+00:00\",\"dateModified\":\"2021-06-21T15:06:18+00:00\",\"breadcrumb\":{\"@id\":\"https:\/\/lescreas-debea.com\/index.php\/product\/essuie-tout-lavable-coton-et-nid-dabeille-oeko-tex\/#breadcrumb\"},\"inLanguage\":\"fr-FR\",\"potentialAction\":[{\"@type\":\"ReadAction\",\"target\":[\"https:\/\/lescreas-debea.com\/index.php\/product\/essuie-tout-lavable-coton-et-nid-dabeille-oeko-tex\/\"]}]},{\"@type\":\"BreadcrumbList\",\"@id\":\"https:\/\/lescreas-debea.com\/index.php\/product\/essuie-tout-lavable-coton-et-nid-dabeille-oeko-tex\/#breadcrumb\",\"itemListElement\":[{\"@type\":\"ListItem\",\"position\":1,\"name\":\"Accueil\",\"item\":\"https:\/\/lescreas-debea.com\/\"},{\"@type\":\"ListItem\",\"position\":2,\"name\":\"Tous les produits\",\"item\":\"https:\/\/lescreas-debea.com\/index.php\/shop\/\"},{\"@type\":\"ListItem\",\"position\":3,\"name\":\"Essuie tout lavable Lemon coton et nid d&#8217;abeille Oeko Tex\"}]}]}<\/script>\n<!-- \/ Yoast SEO plugin. -->","yoast_head_json":{"title":"Essuie tout lavable Lemon coton et nid d'abeille Oeko Tex - Les Cr\u00e9as de B\u00e9a","robots":{"index":"index","follow":"follow","max-snippet":"max-snippet:-1","max-image-preview":"max-image-preview:large","max-video-preview":"max-video-preview:-1"},"canonical":"https:\/\/lescreas-debea.com\/index.php\/product\/essuie-tout-lavable-coton-et-nid-dabeille-oeko-tex\/","og_locale":"fr_FR","og_type":"article","og_title":"Essuie tout lavable Lemon coton et nid d'abeille Oeko Tex - Les Cr\u00e9as de B\u00e9a","og_description":"L'essuie tout lavable , la r\u00e9volution en cuisine. Essuyez, rincez, s\u00e9chez, r\u00e9utilisez !","og_url":"https:\/\/lescreas-debea.com\/index.php\/product\/essuie-tout-lavable-coton-et-nid-dabeille-oeko-tex\/","og_site_name":"Les Cr\u00e9as de B\u00e9a","article_modified_time":"2021-06-21T15:06:18+00:00","og_image":[{"width":2560,"height":2560,"url":"https:\/\/lescreas-debea.com\/wp-content\/uploads\/2021\/05\/essuie-tout-limonade-vert-jaune-1-scaled.jpg","type":"image\/jpeg"}],"twitter_card":"summary_large_image","twitter_misc":{"Dur\u00e9e de lecture est.":"1 minute"},"schema":{"@context":"https:\/\/schema.org","@graph":[{"@type":"WebSite","@id":"https:\/\/lescreas-debea.com\/#website","url":"https:\/\/lescreas-debea.com\/","name":"Les Cr\u00e9as de B\u00e9a","description":"Articles de couture z\u00e9ro d\u00e9chet fait main Aix-en-Provence","potentialAction":[{"@type":"SearchAction","target":{"@type":"EntryPoint","urlTemplate":"https:\/\/lescreas-debea.com\/?s={search_term_string}"},"query-input":"required name=search_term_string"}],"inLanguage":"fr-FR"},{"@type":"ImageObject","@id":"https:\/\/lescreas-debea.com\/index.php\/product\/essuie-tout-lavable-coton-et-nid-dabeille-oeko-tex\/#primaryimage","inLanguage":"fr-FR","url":"https:\/\/lescreas-debea.com\/wp-content\/uploads\/2021\/05\/essuie-tout-limonade-vert-jaune-1-scaled.jpg","contentUrl":"https:\/\/lescreas-debea.com\/wp-content\/uploads\/2021\/05\/essuie-tout-limonade-vert-jaune-1-scaled.jpg","width":2560,"height":2560},{"@type":"WebPage","@id":"https:\/\/lescreas-debea.com\/index.php\/product\/essuie-tout-lavable-coton-et-nid-dabeille-oeko-tex\/#webpage","url":"https:\/\/lescreas-debea.com\/index.php\/product\/essuie-tout-lavable-coton-et-nid-dabeille-oeko-tex\/","name":"Essuie tout lavable Lemon coton et nid d'abeille Oeko Tex - Les Cr\u00e9as de B\u00e9a","isPartOf":{"@id":"https:\/\/lescreas-debea.com\/#website"},"primaryImageOfPage":{"@id":"https:\/\/lescreas-debea.com\/index.php\/product\/essuie-tout-lavable-coton-et-nid-dabeille-oeko-tex\/#primaryimage"},"datePublished":"2021-05-10T12:39:29+00:00","dateModified":"2021-06-21T15:06:18+00:00","breadcrumb":{"@id":"https:\/\/lescreas-debea.com\/index.php\/product\/essuie-tout-lavable-coton-et-nid-dabeille-oeko-tex\/#breadcrumb"},"inLanguage":"fr-FR","potentialAction":[{"@type":"ReadAction","target":["https:\/\/lescreas-debea.com\/index.php\/product\/essuie-tout-lavable-coton-et-nid-dabeille-oeko-tex\/"]}]},{"@type":"BreadcrumbList","@id":"https:\/\/lescreas-debea.com\/index.php\/product\/essuie-tout-lavable-coton-et-nid-dabeille-oeko-tex\/#breadcrumb","itemListElement":[{"@type":"ListItem","position":1,"name":"Accueil","item":"https:\/\/lescreas-debea.com\/"},{"@type":"ListItem","position":2,"name":"Tous les produits","item":"https:\/\/lescreas-debea.com\/index.php\/shop\/"},{"@type":"ListItem","position":3,"name":"Essuie tout lavable Lemon coton et nid d&#8217;abeille Oeko Tex"}]}]}},"_links":{"self":[{"href":"https:\/\/lescreas-debea.com\/index.php\/wp-json\/wp\/v2\/product\/567"}],"collection":[{"href":"https:\/\/lescreas-debea.com\/index.php\/wp-json\/wp\/v2\/product"}],"about":[{"href":"https:\/\/lescreas-debea.com\/index.php\/wp-json\/wp\/v2\/types\/product"}],"replies":[{"embeddable":true,"href":"https:\/\/lescreas-debea.com\/index.php\/wp-json\/wp\/v2\/comments?post=567"}],"wp:featuredmedia":[{"embeddable":true,"href":"https:\/\/lescreas-debea.com\/index.php\/wp-json\/wp\/v2\/media\/585"}],"wp:attachment":[{"href":"https:\/\/lescreas-debea.com\/index.php\/wp-json\/wp\/v2\/media?parent=567"}],"wp:term":[{"taxonomy":"product_cat","embeddable":true,"href":"https:\/\/lescreas-debea.com\/index.php\/wp-json\/wp\/v2\/product_cat?post=567"},{"taxonomy":"product_tag","embeddable":true,"href":"https:\/\/lescreas-debea.com\/index.php\/wp-json\/wp\/v2\/product_tag?post=567"}],"curies":[{"name":"wp","href":"https:\/\/api.w.org\/{rel}","templated":true}]}}