{"id":697,"date":"2021-06-11T12:27:36","date_gmt":"2021-06-11T10:27:36","guid":{"rendered":"https:\/\/lescreas-debea.com\/?post_type=product&#038;p=697"},"modified":"2021-06-21T10:08:04","modified_gmt":"2021-06-21T08:08:04","slug":"pochette-etanche-hellebore-pour-brosse-a-dents-et-dentifrice","status":"publish","type":"product","link":"https:\/\/lescreas-debea.com\/index.php\/product\/pochette-etanche-hellebore-pour-brosse-a-dents-et-dentifrice\/","title":{"rendered":"Pochette \u00e9tanche Hell\u00e9bore pour brosse \u00e0 dents et dentifrice"},"content":{"rendered":"<p>Pochette \u00e9tanche pour brosse \u00e0 dents et dentifrice.<br \/>\nOrganisation z\u00e9ro d\u00e9chet !<\/p>\n<p>All\u00e9gez vos valises et voyagez \u00ab\u00a0z\u00e9ro d\u00e9chet\u00a0\u00bb.<br \/>\nGlissez votre brosse \u00e0 dents et dentifrice dans cette pochette et partez l&rsquo;esprit tranquille !<\/p>\n<p>Id\u00e9e cadeau \u00e0 petit prix.<\/p>\n<p>Ext\u00e9rieur : coton OEKO TEX \u00e0 motifs Myosotis beige sur fond bleu marine<\/p>\n<p>Int\u00e9rieur : coton enduit \u00e0 motifs coordonn\u00e9s<\/p>\n<p>Fermeture rabat pression r\u00e9sine<\/p>\n<p>Dimensions int\u00e9rieures\u00a0:7 x 21 cm<\/p>\n<p>Entretien :<br \/>\nVite fait : passer sous la douche ou le robinet pour enlever traces de produit<br \/>\nT\u00e2ches : lavage en machine \u00e0 30 \u00b0 &#8211; sans essorage ou alors tout doux<br \/>\nRepassage fer doux UNIQUEMENT sur le coton ext\u00e9rieur<\/p>\n<p>La livraison en courrier suivi est offerte &#8211; Exp\u00e9dition sous 1 \u00e0 3 jours ouvrables<\/p>\n<p>N.B. La pochette est vendue seule<\/p>\n<p>Merci de votre visite.<br \/>\nA tr\u00e8s bient\u00f4t.<\/p>\n","protected":false},"excerpt":{"rendered":"<p>Pochette \u00e9tanche Hell\u00e9bore pour brosse \u00e0 dents et dentifrice.<\/p>\n","protected":false},"featured_media":538,"comment_status":"open","ping_status":"closed","template":"","meta":[],"product_cat":[27,17],"product_tag":[],"yoast_head":"<!-- This site is optimized with the Yoast SEO plugin v17.4 - https:\/\/yoast.com\/wordpress\/plugins\/seo\/ -->\n<title>Pochette \u00e9tanche Hell\u00e9bore pour brosse \u00e0 dents et dentifrice - Les Cr\u00e9as de B\u00e9a<\/title>\n<meta name=\"robots\" content=\"index, follow, max-snippet:-1, max-image-preview:large, max-video-preview:-1\" \/>\n<link rel=\"canonical\" href=\"https:\/\/lescreas-debea.com\/index.php\/product\/pochette-etanche-hellebore-pour-brosse-a-dents-et-dentifrice\/\" \/>\n<meta property=\"og:locale\" content=\"fr_FR\" \/>\n<meta property=\"og:type\" content=\"article\" \/>\n<meta property=\"og:title\" content=\"Pochette \u00e9tanche Hell\u00e9bore pour brosse \u00e0 dents et dentifrice - Les Cr\u00e9as de B\u00e9a\" \/>\n<meta property=\"og:description\" content=\"Pochette \u00e9tanche Hell\u00e9bore pour brosse \u00e0 dents et dentifrice.\" \/>\n<meta property=\"og:url\" content=\"https:\/\/lescreas-debea.com\/index.php\/product\/pochette-etanche-hellebore-pour-brosse-a-dents-et-dentifrice\/\" \/>\n<meta property=\"og:site_name\" content=\"Les Cr\u00e9as de B\u00e9a\" \/>\n<meta property=\"article:modified_time\" content=\"2021-06-21T08:08:04+00:00\" \/>\n<meta property=\"og:image\" content=\"https:\/\/lescreas-debea.com\/wp-content\/uploads\/2021\/05\/pochette-etanche-brosse-dents-fleurs-bleu-jaune-scaled.jpg\" \/>\n\t<meta property=\"og:image:width\" content=\"2560\" \/>\n\t<meta property=\"og:image:height\" content=\"2560\" \/>\n<meta name=\"twitter:card\" content=\"summary_large_image\" \/>\n<meta name=\"twitter:label1\" content=\"Dur\u00e9e de lecture est.\" \/>\n\t<meta name=\"twitter:data1\" content=\"1 minute\" \/>\n<script type=\"application\/ld+json\" class=\"yoast-schema-graph\">{\"@context\":\"https:\/\/schema.org\",\"@graph\":[{\"@type\":\"WebSite\",\"@id\":\"https:\/\/lescreas-debea.com\/#website\",\"url\":\"https:\/\/lescreas-debea.com\/\",\"name\":\"Les Cr\\u00e9as de B\\u00e9a\",\"description\":\"Articles de couture z\\u00e9ro d\\u00e9chet fait main Aix-en-Provence\",\"potentialAction\":[{\"@type\":\"SearchAction\",\"target\":{\"@type\":\"EntryPoint\",\"urlTemplate\":\"https:\/\/lescreas-debea.com\/?s={search_term_string}\"},\"query-input\":\"required name=search_term_string\"}],\"inLanguage\":\"fr-FR\"},{\"@type\":\"ImageObject\",\"@id\":\"https:\/\/lescreas-debea.com\/index.php\/product\/pochette-etanche-hellebore-pour-brosse-a-dents-et-dentifrice\/#primaryimage\",\"inLanguage\":\"fr-FR\",\"url\":\"https:\/\/lescreas-debea.com\/wp-content\/uploads\/2021\/05\/pochette-etanche-brosse-dents-fleurs-bleu-jaune-scaled.jpg\",\"contentUrl\":\"https:\/\/lescreas-debea.com\/wp-content\/uploads\/2021\/05\/pochette-etanche-brosse-dents-fleurs-bleu-jaune-scaled.jpg\",\"width\":2560,\"height\":2560},{\"@type\":\"WebPage\",\"@id\":\"https:\/\/lescreas-debea.com\/index.php\/product\/pochette-etanche-hellebore-pour-brosse-a-dents-et-dentifrice\/#webpage\",\"url\":\"https:\/\/lescreas-debea.com\/index.php\/product\/pochette-etanche-hellebore-pour-brosse-a-dents-et-dentifrice\/\",\"name\":\"Pochette \\u00e9tanche Hell\\u00e9bore pour brosse \\u00e0 dents et dentifrice - Les Cr\\u00e9as de B\\u00e9a\",\"isPartOf\":{\"@id\":\"https:\/\/lescreas-debea.com\/#website\"},\"primaryImageOfPage\":{\"@id\":\"https:\/\/lescreas-debea.com\/index.php\/product\/pochette-etanche-hellebore-pour-brosse-a-dents-et-dentifrice\/#primaryimage\"},\"datePublished\":\"2021-06-11T10:27:36+00:00\",\"dateModified\":\"2021-06-21T08:08:04+00:00\",\"breadcrumb\":{\"@id\":\"https:\/\/lescreas-debea.com\/index.php\/product\/pochette-etanche-hellebore-pour-brosse-a-dents-et-dentifrice\/#breadcrumb\"},\"inLanguage\":\"fr-FR\",\"potentialAction\":[{\"@type\":\"ReadAction\",\"target\":[\"https:\/\/lescreas-debea.com\/index.php\/product\/pochette-etanche-hellebore-pour-brosse-a-dents-et-dentifrice\/\"]}]},{\"@type\":\"BreadcrumbList\",\"@id\":\"https:\/\/lescreas-debea.com\/index.php\/product\/pochette-etanche-hellebore-pour-brosse-a-dents-et-dentifrice\/#breadcrumb\",\"itemListElement\":[{\"@type\":\"ListItem\",\"position\":1,\"name\":\"Accueil\",\"item\":\"https:\/\/lescreas-debea.com\/\"},{\"@type\":\"ListItem\",\"position\":2,\"name\":\"Tous les produits\",\"item\":\"https:\/\/lescreas-debea.com\/index.php\/shop\/\"},{\"@type\":\"ListItem\",\"position\":3,\"name\":\"Pochette \\u00e9tanche Hell\\u00e9bore pour brosse \\u00e0 dents et dentifrice\"}]}]}<\/script>\n<!-- \/ Yoast SEO plugin. -->","yoast_head_json":{"title":"Pochette \u00e9tanche Hell\u00e9bore pour brosse \u00e0 dents et dentifrice - Les Cr\u00e9as de B\u00e9a","robots":{"index":"index","follow":"follow","max-snippet":"max-snippet:-1","max-image-preview":"max-image-preview:large","max-video-preview":"max-video-preview:-1"},"canonical":"https:\/\/lescreas-debea.com\/index.php\/product\/pochette-etanche-hellebore-pour-brosse-a-dents-et-dentifrice\/","og_locale":"fr_FR","og_type":"article","og_title":"Pochette \u00e9tanche Hell\u00e9bore pour brosse \u00e0 dents et dentifrice - Les Cr\u00e9as de B\u00e9a","og_description":"Pochette \u00e9tanche Hell\u00e9bore pour brosse \u00e0 dents et dentifrice.","og_url":"https:\/\/lescreas-debea.com\/index.php\/product\/pochette-etanche-hellebore-pour-brosse-a-dents-et-dentifrice\/","og_site_name":"Les Cr\u00e9as de B\u00e9a","article_modified_time":"2021-06-21T08:08:04+00:00","og_image":[{"width":2560,"height":2560,"url":"https:\/\/lescreas-debea.com\/wp-content\/uploads\/2021\/05\/pochette-etanche-brosse-dents-fleurs-bleu-jaune-scaled.jpg","type":"image\/jpeg"}],"twitter_card":"summary_large_image","twitter_misc":{"Dur\u00e9e de lecture est.":"1 minute"},"schema":{"@context":"https:\/\/schema.org","@graph":[{"@type":"WebSite","@id":"https:\/\/lescreas-debea.com\/#website","url":"https:\/\/lescreas-debea.com\/","name":"Les Cr\u00e9as de B\u00e9a","description":"Articles de couture z\u00e9ro d\u00e9chet fait main Aix-en-Provence","potentialAction":[{"@type":"SearchAction","target":{"@type":"EntryPoint","urlTemplate":"https:\/\/lescreas-debea.com\/?s={search_term_string}"},"query-input":"required name=search_term_string"}],"inLanguage":"fr-FR"},{"@type":"ImageObject","@id":"https:\/\/lescreas-debea.com\/index.php\/product\/pochette-etanche-hellebore-pour-brosse-a-dents-et-dentifrice\/#primaryimage","inLanguage":"fr-FR","url":"https:\/\/lescreas-debea.com\/wp-content\/uploads\/2021\/05\/pochette-etanche-brosse-dents-fleurs-bleu-jaune-scaled.jpg","contentUrl":"https:\/\/lescreas-debea.com\/wp-content\/uploads\/2021\/05\/pochette-etanche-brosse-dents-fleurs-bleu-jaune-scaled.jpg","width":2560,"height":2560},{"@type":"WebPage","@id":"https:\/\/lescreas-debea.com\/index.php\/product\/pochette-etanche-hellebore-pour-brosse-a-dents-et-dentifrice\/#webpage","url":"https:\/\/lescreas-debea.com\/index.php\/product\/pochette-etanche-hellebore-pour-brosse-a-dents-et-dentifrice\/","name":"Pochette \u00e9tanche Hell\u00e9bore pour brosse \u00e0 dents et dentifrice - Les Cr\u00e9as de B\u00e9a","isPartOf":{"@id":"https:\/\/lescreas-debea.com\/#website"},"primaryImageOfPage":{"@id":"https:\/\/lescreas-debea.com\/index.php\/product\/pochette-etanche-hellebore-pour-brosse-a-dents-et-dentifrice\/#primaryimage"},"datePublished":"2021-06-11T10:27:36+00:00","dateModified":"2021-06-21T08:08:04+00:00","breadcrumb":{"@id":"https:\/\/lescreas-debea.com\/index.php\/product\/pochette-etanche-hellebore-pour-brosse-a-dents-et-dentifrice\/#breadcrumb"},"inLanguage":"fr-FR","potentialAction":[{"@type":"ReadAction","target":["https:\/\/lescreas-debea.com\/index.php\/product\/pochette-etanche-hellebore-pour-brosse-a-dents-et-dentifrice\/"]}]},{"@type":"BreadcrumbList","@id":"https:\/\/lescreas-debea.com\/index.php\/product\/pochette-etanche-hellebore-pour-brosse-a-dents-et-dentifrice\/#breadcrumb","itemListElement":[{"@type":"ListItem","position":1,"name":"Accueil","item":"https:\/\/lescreas-debea.com\/"},{"@type":"ListItem","position":2,"name":"Tous les produits","item":"https:\/\/lescreas-debea.com\/index.php\/shop\/"},{"@type":"ListItem","position":3,"name":"Pochette \u00e9tanche Hell\u00e9bore pour brosse \u00e0 dents et dentifrice"}]}]}},"_links":{"self":[{"href":"https:\/\/lescreas-debea.com\/index.php\/wp-json\/wp\/v2\/product\/697"}],"collection":[{"href":"https:\/\/lescreas-debea.com\/index.php\/wp-json\/wp\/v2\/product"}],"about":[{"href":"https:\/\/lescreas-debea.com\/index.php\/wp-json\/wp\/v2\/types\/product"}],"replies":[{"embeddable":true,"href":"https:\/\/lescreas-debea.com\/index.php\/wp-json\/wp\/v2\/comments?post=697"}],"wp:featuredmedia":[{"embeddable":true,"href":"https:\/\/lescreas-debea.com\/index.php\/wp-json\/wp\/v2\/media\/538"}],"wp:attachment":[{"href":"https:\/\/lescreas-debea.com\/index.php\/wp-json\/wp\/v2\/media?parent=697"}],"wp:term":[{"taxonomy":"product_cat","embeddable":true,"href":"https:\/\/lescreas-debea.com\/index.php\/wp-json\/wp\/v2\/product_cat?post=697"},{"taxonomy":"product_tag","embeddable":true,"href":"https:\/\/lescreas-debea.com\/index.php\/wp-json\/wp\/v2\/product_tag?post=697"}],"curies":[{"name":"wp","href":"https:\/\/api.w.org\/{rel}","templated":true}]}}